{"id":587,"date":"2021-03-04T05:45:03","date_gmt":"2021-03-04T04:45:03","guid":{"rendered":"https:\/\/www.zapatosotijane.es\/?page_id=587"},"modified":"2021-03-04T05:46:24","modified_gmt":"2021-03-04T04:46:24","slug":"aviso-legal","status":"publish","type":"page","link":"https:\/\/www.zapatosotijane.es\/en\/aviso-legal\/","title":{"rendered":"Aviso Legal"},"content":{"rendered":"<hr class=\"no_line\" style=\"margin: 0 auto 20px auto\"\/>\n\n<h3>Aviso Legal<\/h3>\n<p>En cumplimiento de la Ley 34\/2002, del 11 de julio, de servicios de la Sociedad de la Informaci\u00f3n y Comercio Electr\u00f3nico (LSSICE) se desarrolla el presente aviso legal exponiendo los datos identificativos de la empresa y dem\u00e1s requerimientos legales establecidos por la misma.<\/p>\n<p>Por ello, se regula en el presente aviso legal, el uso de la p\u00e1gina web <a href=\"http:\/\/www.otijane.com\/\">www.zapatosotijane.es<\/a> (en adelante la P\u00e1gina) y la app OTIJANE (en adelante la app), que se pudiera desarrollar, siendo ambas titularidad ROSA ELENA BELTRAN LATORRE (en adelante, OTIJANE) con domicilio fiscal en Calle Marbella, 9 Arenales del Sol, 03195 \u2013Elche- (Alicante-Espa\u00f1a), con N.I.F n\u00ba 72882790E, y con direcci\u00f3n de correo electr\u00f3nico:<\/p>\n<p><a href=\"mailto:info@otijane.com\">\u00a0info@zapatosotijane.es<\/a><\/p>\n<p>Para la utilizaci\u00f3n de la P\u00e1gina y la app se requiere la aceptaci\u00f3n expresa del usuario de todas y cada una de las cl\u00e1usulas que se indican en el presente Aviso Legal, as\u00ed como cada una de las advertencias o cl\u00e1usulas espec\u00edficas que se establezcan para la contrataci\u00f3n de determinados servicios, productos o uso de zonas de usuarios registrados\/invitados de la P\u00e1gina y la app.<\/p>\n<p>En caso de no aceptar las cl\u00e1usulas establecidas en el presente Aviso Legal, el usuario deber\u00e1 abstenerse de acceder y\/o utilizar los servicios y\/o contenidos puestos a su disposici\u00f3n.<\/p>\n<h4><strong>USO DE LA P\u00c1GINA<\/strong><\/h4>\n<p>El usuario se obliga a no utilizar la P\u00e1gina ni la app para la realizaci\u00f3n de actividades contrarias a las leyes, a la moral, al orden p\u00fablico y, en general, a hacer un uso conforme a las condiciones establecidas en el presente Aviso Legal. Asimismo, se obliga a no realizar actividades publicitarias o de explotaci\u00f3n comercial remitiendo mensajes que utilicen una identidad falsa.<\/p>\n<p>OTIJANE act\u00faa exclusivamente como responsable de la P\u00e1gina y la app en su condici\u00f3n de prestador de un servicio de informaci\u00f3n sobre sus propios servicios, no haci\u00e9ndose responsable de los contenidos que, en contravenci\u00f3n a las presentes condiciones generales, los usuarios pudieran enviar o publicar, siendo el usuario el \u00fanico responsable de la veracidad y licitud de los mismos.<\/p>\n<p>OTIJANE podr\u00e1 interrumpir el servicio de la P\u00e1gina o de la app que est\u00e9 siendo utilizado por el usuario y resolver de modo inmediato la relaci\u00f3n con el usuario si detecta un uso de la P\u00e1gina o de la app o de cualquiera de los servicios que se ofertan que pueda considerar contrario a lo expresado en el presente Aviso Legal.<\/p>\n<h4>PROCESO DE COMPRA<\/h4>\n<p>Puede consultar los t\u00e9rminos y condiciones de compra en nuestra web en el link correspondiente siempre accesible. Cualquier duda o consulta sobre el proceso de compra ser\u00e1 atendida en:\u00a0<a href=\"mailto:info@otijane.com\">info@zapatosotijane.es<\/a><\/p>\n<h4>PROTECCI\u00d3N DE LA NAVEGACI\u00d3N<\/h4>\n<p>Al conectarse a nuestra web es conveniente que, adem\u00e1s de cuidar los aspectos b\u00e1sicos de protecci\u00f3n del terminal, sean tenidas en cuenta las siguientes medidas de precauci\u00f3n:<\/p>\n<p>Utilizar versiones actualizadas de los navegadores. En el acceso al \u00e1rea de acceso restringido, comprobar que el acceso se produce utilizando el protocolo de seguridad SSL (Secure Sockets Layer) para garantizar la integridad y la confidencialidad de la informaci\u00f3n facilitada.<\/p>\n<p>Navegar por sitios web conocidos. No aceptar la ejecuci\u00f3n de programas cuya descarga se produzca de forma autom\u00e1tica, si no conf\u00eda en las fuentes que originan su descarga.<\/p>\n<p>En el caso de que se utilicen dispositivos p\u00fablicos o compartidos con terceras personas confirmar que no se encuentra activada la opci\u00f3n de recordatorio de contrase\u00f1as autom\u00e1tico.<\/p>\n<p>Protecci\u00f3n de contrase\u00f1as. Las contrase\u00f1as facilitadas\/o asignadas en procesos de registro son absolutamente confidenciales por lo que ser\u00e1 responsabilidad del usuario hacer un buen uso de las mismas, debiendo observar un deber de diligencia en su custodia y uso.<\/p>\n<p>Por razones de seguridad, el acceso a los servicios ofrecidos por OTIJANE podr\u00eda bloquearse si se introduce la clave de acceso de forma err\u00f3nea un n\u00famero sucesivo de veces. Para desbloquear su clave deber\u00e1 solicitar una nueva en el procedimiento de recordar clave\/contrase\u00f1a o cambio\/gesti\u00f3n de la misma establecido.<\/p>\n<h4>PROPIEDAD INTELECTUAL E INDUSTRIAL<\/h4>\n<p>La totalidad de la P\u00e1gina y app: texto, im\u00e1genes, marcas, gr\u00e1ficos, logotipos, botones, archivos de software, combinaciones de colores, as\u00ed como la estructura, selecci\u00f3n, ordenaci\u00f3n y presentaci\u00f3n de sus contenidos, se encuentra protegida por las leyes sobre Propiedad Intelectual e Industrial, quedando prohibida su reproducci\u00f3n, distribuci\u00f3n, comunicaci\u00f3n p\u00fablica y transformaci\u00f3n, salvo para uso personal y privado.<\/p>\n<p>OTIJANE no garantiza que los contenidos sean precisos o libres de error o que el libre uso de los mismos por el usuario no infrinja los derechos de terceras partes. El buen o mal uso de esta p\u00e1gina y de sus contenidos est\u00e1 bajo la responsabilidad del usuario.<\/p>\n<p>Asimismo, queda prohibida la reproducci\u00f3n, retransmisi\u00f3n, copia, cesi\u00f3n o redifusi\u00f3n, total o parcial, de la informaci\u00f3n contenida en la P\u00e1gina o en la app, cualquiera que fuera su finalidad y el medio utilizado para ello, sin autorizaci\u00f3n previa de OTIJANE.<\/p>\n<p>La marca OTIJANE est\u00e1 protegida con n\u00ba4017140, en la OEPM (Oficina Espa\u00f1ola de Patentes y Marcas) como marca figurativa. Cualquier petici\u00f3n de uso, cesi\u00f3n, licencia, explotaci\u00f3n y resto de derechos que confiere dicho registro deber\u00e1 ser solicitada al titular de la misma, propietario del presente website y\/o app desarrollada.<\/p>\n<h4>ENLACES O LINKS<\/h4>\n<p>La P\u00e1gina o la app pueden incluir enlaces o links a sitios de terceros. Las p\u00e1ginas pertenecientes a terceros no han sido revisadas ni son objeto de controles por parte de OTIJANE. En cualquier caso, OTIJANE no podr\u00e1 ser considerada responsable de los contenidos de estos sitios web ni de las medidas que se adopten relativas a su privacidad o al tratamiento de sus datos de car\u00e1cter personal.<\/p>\n<p>OTIJANE recomienda la lectura detenida de las condiciones de uso y la pol\u00edtica de privacidad de estos sitios.<\/p>\n<p>En caso de estar interesado en activar un enlace a alguna de las p\u00e1ginas de OTIJANE deber\u00e1 comunicarlo a<\/p>\n<p><a href=\"mailto:info@otijane.com\">\u00a0info@zapatosotijane.es<\/a>, obteniendo el consentimiento expreso para crear el enlace. OTIJANE se reserva el derecho de oposici\u00f3n a la activaci\u00f3n de enlaces con su sitio web.<\/p>\n<h4>MENORES DE EDAD<\/h4>\n<p>OTIJANE recuerda a los usuarios mayores de edad, que tengan a su cargo menores, que ser\u00e1 de su exclusiva responsabilidad determinar qu\u00e9 servicios y\/o contenidos son no apropiados para la edad de estos \u00faltimos.<\/p>\n<p>OTIJANE les informa que existen programas inform\u00e1ticos que permiten filtrar y bloquear el acceso a determinados contenidos y servicios, de tal forma que los padres o tutores, por ejemplo, pueden decidir cu\u00e1les son los contenidos y servicios de Internet a los que los menores pueden tener acceso y cu\u00e1les no.<\/p>\n<h4>RESPONSABILIDADES<\/h4>\n<p>OTIJANE no ser\u00e1 responsable directa ni subsidiariamente de:<\/p>\n<p>La calidad del servicio, la velocidad de acceso, el correcto funcionamiento ni la disponibilidad ni continuidad de funcionamiento de la P\u00e1gina o de la app.<\/p>\n<p>Los da\u00f1os que puedan causarse en los equipos del usuario por la utilizaci\u00f3n de la P\u00e1gina o de la app.<\/p>\n<p>Los casos en que un tercero, quebrantando las medidas de seguridad establecidas, acceda a los mensajes o los utilice para la remisi\u00f3n de virus inform\u00e1ticos.<\/p>\n<p>Los vicios y defectos de toda clase de los contenidos transmitidos, difundidos, almacenados o puestos a disposici\u00f3n.<\/p>\n<p>La licitud, fiabilidad y utilidad de los contenidos que los usuarios transmitan con la utilizaci\u00f3n de la p\u00e1gina o de los servicios en \u00e9l ofertados, as\u00ed como tampoco su veracidad o exactitud. OTIJANE no controla la utilizaci\u00f3n que<\/p>\n<p>los usuarios hacen de la P\u00e1gina ni de la app, ni garantiza que lo hagan conforme a lo establecido en el presente Aviso Legal.<\/p>\n<p>A t\u00edtulo enunciativo y con car\u00e1cter no limitativo, el usuario ser\u00e1 responsable de:<\/p>\n<ol>\n<li>De los contenidos introducidos por ellos, especialmente de los datos e informaciones introducidos y enviados a OTIJANE a trav\u00e9s de la P\u00e1gina o de la app.<\/li>\n<\/ol>\n<ol>\n<li>De la realizaci\u00f3n de cualquier tipo de actuaci\u00f3n il\u00edcita, lesiva de derechos, nociva y\/o perjudicial.<\/li>\n<\/ol>\n<ol>\n<li>De la custodia de su nombre de usuario y password, en su caso como cliente\/usuario registrado\/invitado, no debi\u00e9ndolo comunicar a terceras personas, en orden a la evitaci\u00f3n de suplantaciones de identidad o facilitaci\u00f3n de datos no veraces o incorrectos.<\/li>\n<\/ol>\n<h4>FUERO<\/h4>\n<p>El presente Aviso Legal se encuentra redactado en idioma espa\u00f1ol, y se encuentra sometido a la legislaci\u00f3n espa\u00f1ola vigente. Para cualquier tipo de controversia derivada de la utilizaci\u00f3n de los servicios ofrecidos o de los contenidos propios de la P\u00e1gina o la app las partes, con la aceptaci\u00f3n del clausulado establecido en el presente Aviso Legal, se someter\u00e1n a los Tribunales y Juzgados competentes del partido judicial de Elche.<\/p>","protected":false},"excerpt":{"rendered":"<p>Aviso Legal En cumplimiento de la Ley 34\/2002, del 11 de julio, de servicios de la Sociedad de la Informaci\u00f3n y Comercio Electr\u00f3nico (LSSICE) se desarrolla<span class=\"excerpt-hellip\"> [\u2026]<\/span><\/p>\n","protected":false},"author":1,"featured_media":0,"parent":0,"menu_order":0,"comment_status":"closed","ping_status":"closed","template":"","meta":{"footnotes":""},"class_list":["post-587","page","type-page","status-publish","hentry"],"yoast_head":"<!-- This site is optimized with the Yoast SEO plugin v27.5 - https:\/\/yoast.com\/product\/yoast-seo-wordpress\/ -->\n<title>Aviso Legal - Zapatos veganos mujer<\/title>\n<meta name=\"robots\" content=\"index, follow, max-snippet:-1, max-image-preview:large, max-video-preview:-1\" \/>\n<link rel=\"canonical\" href=\"https:\/\/www.zapatosotijane.es\/en\/aviso-legal\/\" \/>\n<meta property=\"og:locale\" content=\"en_GB\" \/>\n<meta property=\"og:type\" content=\"article\" \/>\n<meta property=\"og:title\" content=\"Aviso Legal - Zapatos veganos mujer\" \/>\n<meta property=\"og:description\" content=\"Aviso Legal En cumplimiento de la Ley 34\/2002, del 11 de julio, de servicios de la Sociedad de la Informaci\u00f3n y Comercio Electr\u00f3nico (LSSICE) se desarrolla [\u2026]\" \/>\n<meta property=\"og:url\" content=\"https:\/\/www.zapatosotijane.es\/en\/aviso-legal\/\" \/>\n<meta property=\"og:site_name\" content=\"Zapatos veganos mujer\" \/>\n<meta property=\"article:modified_time\" content=\"2021-03-04T04:46:24+00:00\" \/>\n<meta name=\"twitter:card\" content=\"summary_large_image\" \/>\n<meta name=\"twitter:label1\" content=\"Estimated reading time\" \/>\n\t<meta name=\"twitter:data1\" content=\"7 minutes\" \/>\n<script type=\"application\/ld+json\" class=\"yoast-schema-graph\">{\"@context\":\"https:\\\/\\\/schema.org\",\"@graph\":[{\"@type\":\"WebPage\",\"@id\":\"https:\\\/\\\/www.zapatosotijane.es\\\/aviso-legal\\\/\",\"url\":\"https:\\\/\\\/www.zapatosotijane.es\\\/aviso-legal\\\/\",\"name\":\"Aviso Legal - Zapatos veganos mujer\",\"isPartOf\":{\"@id\":\"https:\\\/\\\/www.zapatosotijane.es\\\/#website\"},\"datePublished\":\"2021-03-04T04:45:03+00:00\",\"dateModified\":\"2021-03-04T04:46:24+00:00\",\"breadcrumb\":{\"@id\":\"https:\\\/\\\/www.zapatosotijane.es\\\/aviso-legal\\\/#breadcrumb\"},\"inLanguage\":\"en-GB\",\"potentialAction\":[{\"@type\":\"ReadAction\",\"target\":[\"https:\\\/\\\/www.zapatosotijane.es\\\/aviso-legal\\\/\"]}]},{\"@type\":\"BreadcrumbList\",\"@id\":\"https:\\\/\\\/www.zapatosotijane.es\\\/aviso-legal\\\/#breadcrumb\",\"itemListElement\":[{\"@type\":\"ListItem\",\"position\":1,\"name\":\"Portada\",\"item\":\"https:\\\/\\\/www.zapatosotijane.es\\\/\"},{\"@type\":\"ListItem\",\"position\":2,\"name\":\"Aviso Legal\"}]},{\"@type\":\"WebSite\",\"@id\":\"https:\\\/\\\/www.zapatosotijane.es\\\/#website\",\"url\":\"https:\\\/\\\/www.zapatosotijane.es\\\/\",\"name\":\"Zapatos veganos mujer\",\"description\":\"Zapatos veganos de dise\u00f1o para mujer\",\"publisher\":{\"@id\":\"https:\\\/\\\/www.zapatosotijane.es\\\/#organization\"},\"potentialAction\":[{\"@type\":\"SearchAction\",\"target\":{\"@type\":\"EntryPoint\",\"urlTemplate\":\"https:\\\/\\\/www.zapatosotijane.es\\\/?s={search_term_string}\"},\"query-input\":{\"@type\":\"PropertyValueSpecification\",\"valueRequired\":true,\"valueName\":\"search_term_string\"}}],\"inLanguage\":\"en-GB\"},{\"@type\":\"Organization\",\"@id\":\"https:\\\/\\\/www.zapatosotijane.es\\\/#organization\",\"name\":\"Zapatos veganos mujer\",\"url\":\"https:\\\/\\\/www.zapatosotijane.es\\\/\",\"logo\":{\"@type\":\"ImageObject\",\"inLanguage\":\"en-GB\",\"@id\":\"https:\\\/\\\/www.zapatosotijane.es\\\/#\\\/schema\\\/logo\\\/image\\\/\",\"url\":\"https:\\\/\\\/www.zapatosotijane.es\\\/wp-content\\\/uploads\\\/2023\\\/12\\\/cropped-LOGO-Otijane.png\",\"contentUrl\":\"https:\\\/\\\/www.zapatosotijane.es\\\/wp-content\\\/uploads\\\/2023\\\/12\\\/cropped-LOGO-Otijane.png\",\"width\":697,\"height\":480,\"caption\":\"Zapatos veganos mujer\"},\"image\":{\"@id\":\"https:\\\/\\\/www.zapatosotijane.es\\\/#\\\/schema\\\/logo\\\/image\\\/\"}}]}<\/script>\n<!-- \/ Yoast SEO plugin. -->","yoast_head_json":{"title":"Aviso Legal - Zapatos veganos mujer","robots":{"index":"index","follow":"follow","max-snippet":"max-snippet:-1","max-image-preview":"max-image-preview:large","max-video-preview":"max-video-preview:-1"},"canonical":"https:\/\/www.zapatosotijane.es\/en\/aviso-legal\/","og_locale":"en_GB","og_type":"article","og_title":"Aviso Legal - Zapatos veganos mujer","og_description":"Aviso Legal En cumplimiento de la Ley 34\/2002, del 11 de julio, de servicios de la Sociedad de la Informaci\u00f3n y Comercio Electr\u00f3nico (LSSICE) se desarrolla [\u2026]","og_url":"https:\/\/www.zapatosotijane.es\/en\/aviso-legal\/","og_site_name":"Zapatos veganos mujer","article_modified_time":"2021-03-04T04:46:24+00:00","twitter_card":"summary_large_image","twitter_misc":{"Estimated reading time":"7 minutes"},"schema":{"@context":"https:\/\/schema.org","@graph":[{"@type":"WebPage","@id":"https:\/\/www.zapatosotijane.es\/aviso-legal\/","url":"https:\/\/www.zapatosotijane.es\/aviso-legal\/","name":"Aviso Legal - Zapatos veganos mujer","isPartOf":{"@id":"https:\/\/www.zapatosotijane.es\/#website"},"datePublished":"2021-03-04T04:45:03+00:00","dateModified":"2021-03-04T04:46:24+00:00","breadcrumb":{"@id":"https:\/\/www.zapatosotijane.es\/aviso-legal\/#breadcrumb"},"inLanguage":"en-GB","potentialAction":[{"@type":"ReadAction","target":["https:\/\/www.zapatosotijane.es\/aviso-legal\/"]}]},{"@type":"BreadcrumbList","@id":"https:\/\/www.zapatosotijane.es\/aviso-legal\/#breadcrumb","itemListElement":[{"@type":"ListItem","position":1,"name":"Portada","item":"https:\/\/www.zapatosotijane.es\/"},{"@type":"ListItem","position":2,"name":"Aviso Legal"}]},{"@type":"WebSite","@id":"https:\/\/www.zapatosotijane.es\/#website","url":"https:\/\/www.zapatosotijane.es\/","name":"Zapatos veganos mujer","description":"Zapatos veganos de dise\u00f1o para mujer","publisher":{"@id":"https:\/\/www.zapatosotijane.es\/#organization"},"potentialAction":[{"@type":"SearchAction","target":{"@type":"EntryPoint","urlTemplate":"https:\/\/www.zapatosotijane.es\/?s={search_term_string}"},"query-input":{"@type":"PropertyValueSpecification","valueRequired":true,"valueName":"search_term_string"}}],"inLanguage":"en-GB"},{"@type":"Organization","@id":"https:\/\/www.zapatosotijane.es\/#organization","name":"Zapatos veganos mujer","url":"https:\/\/www.zapatosotijane.es\/","logo":{"@type":"ImageObject","inLanguage":"en-GB","@id":"https:\/\/www.zapatosotijane.es\/#\/schema\/logo\/image\/","url":"https:\/\/www.zapatosotijane.es\/wp-content\/uploads\/2023\/12\/cropped-LOGO-Otijane.png","contentUrl":"https:\/\/www.zapatosotijane.es\/wp-content\/uploads\/2023\/12\/cropped-LOGO-Otijane.png","width":697,"height":480,"caption":"Zapatos veganos mujer"},"image":{"@id":"https:\/\/www.zapatosotijane.es\/#\/schema\/logo\/image\/"}}]}},"_links":{"self":[{"href":"https:\/\/www.zapatosotijane.es\/en\/wp-json\/wp\/v2\/pages\/587","targetHints":{"allow":["GET"]}}],"collection":[{"href":"https:\/\/www.zapatosotijane.es\/en\/wp-json\/wp\/v2\/pages"}],"about":[{"href":"https:\/\/www.zapatosotijane.es\/en\/wp-json\/wp\/v2\/types\/page"}],"author":[{"embeddable":true,"href":"https:\/\/www.zapatosotijane.es\/en\/wp-json\/wp\/v2\/users\/1"}],"replies":[{"embeddable":true,"href":"https:\/\/www.zapatosotijane.es\/en\/wp-json\/wp\/v2\/comments?post=587"}],"version-history":[{"count":0,"href":"https:\/\/www.zapatosotijane.es\/en\/wp-json\/wp\/v2\/pages\/587\/revisions"}],"wp:attachment":[{"href":"https:\/\/www.zapatosotijane.es\/en\/wp-json\/wp\/v2\/media?parent=587"}],"curies":[{"name":"wp","href":"https:\/\/api.w.org\/{rel}","templated":true}]}}