{"id":591,"date":"2021-03-04T05:51:58","date_gmt":"2021-03-04T04:51:58","guid":{"rendered":"https:\/\/www.zapatosotijane.es\/?page_id=591"},"modified":"2021-03-04T05:51:58","modified_gmt":"2021-03-04T04:51:58","slug":"aviso-legal-para-rss","status":"publish","type":"page","link":"https:\/\/www.zapatosotijane.es\/en\/aviso-legal-para-rss\/","title":{"rendered":"Aviso Legal para RSS"},"content":{"rendered":"<hr class=\"no_line\" style=\"margin: 0 auto 20px auto\"\/>\n\n<h4>POLITICA DE USO y PRIVACIDAD RRSS\/ Normas de participaci\u00f3n y publicaci\u00f3n de contenidos<\/h4>\n<p>Es importante recordar que cualquier informaci\u00f3n contenida en nuestros espacios digitales no tiene la intenci\u00f3n de ser un sustituto de una consulta o asesoramiento personal en sector moda, ocio y\/o belleza. Es por tanto, complementaria e informativa, siendo su objetivo \u00fanicamente dar a conocer nuestros productos y\/o servicios de nuestra empresa. El usuario asume toda la responsabilidad por la forma c\u00f3mo decide utilizar esta informaci\u00f3n.<\/p>\n<p><strong><em>AVISO DE RESPONSABILIDAD<\/em><\/strong>: OTIJANE no se responsabiliza de las opiniones, juicios, aportaciones o comentarios expuestos por los usuarios. Cualquier informaci\u00f3n, juicio, comentario o informaci\u00f3n expresada por un usuario queda sujeta a su exclusiva responsabilidad, y no representa ni tiene porqu\u00e9 coincidir con el punto de vista del titular de los espacios digitales. El propietario de este espacio en redes sociales\/fanpage\/per\ufb01l empresa se reserva el derecho de eliminar cualquier mensaje que pueda confundir o invite a realizar acciones comerciales y\/o difamatorias de\/contra terceros.<\/p>\n<p>Es intenci\u00f3n de los titulares de las fanpage ofrecer en todo momento una informaci\u00f3n cierta y actualizada. Sin embargo, esta informaci\u00f3n puede contener incorrecciones t\u00e9cnicas o errores tipogr\u00e1\ufb01cos. Los titulares no se responsabilizan de la idoneidad de la informaci\u00f3n contenida en esta p\u00e1gina.<\/p>\n<p>En ning\u00fan caso el titular de la fanpage ser\u00e1 responsable de cualquier da\u00f1o por la p\u00e9rdida de uso, de datos o de bene\ufb01cios, como consecuencia de la visualizaci\u00f3n, utilizaci\u00f3n del soGware si lo hubiere, documentos, informaci\u00f3n de cuidados de salud o equipos de protecci\u00f3n para la salud de pies, disponibles en esta p\u00e1gina.<\/p>\n<p>Respecto a la publicaci\u00f3n de contenidos, los titulares de las fanpages s\u00f3lo se responsabilizan de los elaborados por la propia empresa, o sus recomendaciones de contenido procedente de otras fuentes, comprometi\u00e9ndonos a velar por la calidad de estos contenidos publicados en nuestros espacios;<\/p>\n<ul>\n<li>El resto de participaciones son responsabilidad de quien las emite y en ning\u00fan caso pueden atribuirse a los titulares del fanpage, aun encontr\u00e1ndose en espacios de titularidad de<\/li>\n<li>OTIJANE no se hace responsable de contenidos publicados y\/o emitidos por otras p\u00e1ginas o grupos que no sean de su titularidad, aunque conste en los mismos el nombre o la referencia a cualquiera de nuestros productos o marcas por<\/li>\n<li>Nos reservamos el derecho de eliminar aquellos contenidos que no cumplan los requisitos establecidos en la presente pol\u00edtica de<\/li>\n<\/ul>\n<h4>Normas de participaci\u00f3n en los espacios de las redes sociales de OTIJANE.<\/h4>\n<p>Estas normas de participaci\u00f3n est\u00e1n dirigidas tanto a colaboradores\/personal de OTIJANE como a personas externas-usuarios-seguidores que participen de la conversaci\u00f3n en nuestros espacios en las redes sociales.<\/p>\n<p>Con el \ufb01n de asegurar una buena experiencia en el uso de las redes sociales de se han establecido las siguientes <strong>normas de participaci\u00f3n<\/strong>:<\/p>\n<ul>\n<li>OTIJANE vela por la protecci\u00f3n de los menores. Por este motivo est\u00e1 estrictamente prohibido publicar fotografias, v\u00eddeos o cualquier material gr\u00e1\ufb01co donde aparezcan menores sin el permiso de sus padres o tutores<\/li>\n<li>Se recomienda comprobar la pol\u00edtica de derechos de autor (<em>copyright<\/em>) y privacidad de cualquier contenido que se quiera compartir en las redes sociales de<\/li>\n<\/ul>\n<p>Evitar publicar sin el permiso de sus autores aquellos contenidos que no permitan esta pr\u00e1ctica.<\/p>\n<ul>\n<li>En caso de considerar oportuno facilitar contenidos de Internet con <em>copyright <\/em>que permita su publicaci\u00f3n, se deber\u00e1 escribir la URL para que el resto de participantes\/fans puedan consultar o descargar los contenidos desde la p\u00e1gina propietaria.<\/li>\n<li>Se respetar\u00e1n las opiniones del resto de participantes, aunque no se compartan. No se permitir\u00e1 insultar o utilizar lenguaje ofensivo, racista, violento o xen\u00f3fobo, ni promover actividades<\/li>\n<li>Se recomienda evitar publicar datos personales (direcci\u00f3n postal o electr\u00f3nica, tel\u00e9fono, etc.) en las fanpage de OTIJANE.<\/li>\n<li>Se debe evitar hacer publicidad de empresas, servicios o eventos con \u00e1nimo de lucro. Queda a discreci\u00f3n del equipo administrador de las redes sociales el tratamiento de los mensajes con \ufb01nes solidarios o sin \u00e1nimo de lucro, as\u00ed como de aquellos mensajes que propongan la adhesi\u00f3n a grupos o p\u00e1ginas ajenas a<\/li>\n<li>Se debe procurar hablar sobre temas relacionados con las p\u00e1ginas. En caso de querer discutir sobre otros temas, recomendamos buscar otras p\u00e1ginas o grupos m\u00e1s adecuados.<\/li>\n<li>Se debe evitar escribir m\u00e1s de una vez el mismo comentario: esta pr\u00e1ctica se considera <em>spam<\/em>. Ello puede conllevar que se pueda denegar acceso o expulsar del espacio social al usuario-spamer.<\/li>\n<li>Las plataformas donde se ubican las p\u00e1ginas de OTIJANE tienen sus propias normas de participaci\u00f3n y tambi\u00e9n se deben ej: <a href=\"http:\/\/www.facebook.com\/legal\/terms\">http:\/\/www.facebook.com\/legal\/terms<\/a> \/ <a href=\"https:\/\/policy.pinterest.com\/es\/privacy-policy\">https:\/\/policy.pinterest.com\/es\/privacy-policy<\/a><br \/>\n<a href=\"https:\/\/www.instagram.com\/terms\/accept\/?hl=es\">\u00a0https:\/\/www.instagram.com\/terms\/accept\/?hl=es<\/a><\/li>\n<li>El equipo que administra las p\u00e1ginas OTIJANE se reserva el derecho de eliminar cualquier mensaje que no respete estas normas o de bloquear la actividad de un participante en su p\u00e1gina si reincide en su<\/li>\n<\/ul>\n<p>OTIJANE<\/p>\n<p>\u263a \u00a1Gracias por seguirnos!<\/p>","protected":false},"excerpt":{"rendered":"<p>POLITICA DE USO y PRIVACIDAD RRSS\/ Normas de participaci\u00f3n y publicaci\u00f3n de contenidos Es importante recordar que cualquier informaci\u00f3n contenida en nuestros espacios digitales no tiene<span class=\"excerpt-hellip\"> [\u2026]<\/span><\/p>\n","protected":false},"author":1,"featured_media":0,"parent":0,"menu_order":0,"comment_status":"closed","ping_status":"closed","template":"","meta":{"footnotes":""},"class_list":["post-591","page","type-page","status-publish","hentry"],"yoast_head":"<!-- This site is optimized with the Yoast SEO plugin v27.5 - https:\/\/yoast.com\/product\/yoast-seo-wordpress\/ -->\n<title>Aviso Legal para RSS - Zapatos veganos mujer<\/title>\n<meta name=\"robots\" content=\"index, follow, max-snippet:-1, max-image-preview:large, max-video-preview:-1\" \/>\n<link rel=\"canonical\" href=\"https:\/\/www.zapatosotijane.es\/en\/aviso-legal-para-rss\/\" \/>\n<meta property=\"og:locale\" content=\"en_GB\" \/>\n<meta property=\"og:type\" content=\"article\" \/>\n<meta property=\"og:title\" content=\"Aviso Legal para RSS - Zapatos veganos mujer\" \/>\n<meta property=\"og:description\" content=\"POLITICA DE USO y PRIVACIDAD RRSS\/ Normas de participaci\u00f3n y publicaci\u00f3n de contenidos Es importante recordar que cualquier informaci\u00f3n contenida en nuestros espacios digitales no tiene [\u2026]\" \/>\n<meta property=\"og:url\" content=\"https:\/\/www.zapatosotijane.es\/en\/aviso-legal-para-rss\/\" \/>\n<meta property=\"og:site_name\" content=\"Zapatos veganos mujer\" \/>\n<meta name=\"twitter:card\" content=\"summary_large_image\" \/>\n<meta name=\"twitter:label1\" content=\"Estimated reading time\" \/>\n\t<meta name=\"twitter:data1\" content=\"4 minutes\" \/>\n<script type=\"application\/ld+json\" class=\"yoast-schema-graph\">{\"@context\":\"https:\\\/\\\/schema.org\",\"@graph\":[{\"@type\":\"WebPage\",\"@id\":\"https:\\\/\\\/www.zapatosotijane.es\\\/aviso-legal-para-rss\\\/\",\"url\":\"https:\\\/\\\/www.zapatosotijane.es\\\/aviso-legal-para-rss\\\/\",\"name\":\"Aviso Legal para RSS - Zapatos veganos mujer\",\"isPartOf\":{\"@id\":\"https:\\\/\\\/www.zapatosotijane.es\\\/#website\"},\"datePublished\":\"2021-03-04T04:51:58+00:00\",\"breadcrumb\":{\"@id\":\"https:\\\/\\\/www.zapatosotijane.es\\\/aviso-legal-para-rss\\\/#breadcrumb\"},\"inLanguage\":\"en-GB\",\"potentialAction\":[{\"@type\":\"ReadAction\",\"target\":[\"https:\\\/\\\/www.zapatosotijane.es\\\/aviso-legal-para-rss\\\/\"]}]},{\"@type\":\"BreadcrumbList\",\"@id\":\"https:\\\/\\\/www.zapatosotijane.es\\\/aviso-legal-para-rss\\\/#breadcrumb\",\"itemListElement\":[{\"@type\":\"ListItem\",\"position\":1,\"name\":\"Portada\",\"item\":\"https:\\\/\\\/www.zapatosotijane.es\\\/\"},{\"@type\":\"ListItem\",\"position\":2,\"name\":\"Aviso Legal para RSS\"}]},{\"@type\":\"WebSite\",\"@id\":\"https:\\\/\\\/www.zapatosotijane.es\\\/#website\",\"url\":\"https:\\\/\\\/www.zapatosotijane.es\\\/\",\"name\":\"Zapatos veganos mujer\",\"description\":\"Zapatos veganos de dise\u00f1o para mujer\",\"publisher\":{\"@id\":\"https:\\\/\\\/www.zapatosotijane.es\\\/#organization\"},\"potentialAction\":[{\"@type\":\"SearchAction\",\"target\":{\"@type\":\"EntryPoint\",\"urlTemplate\":\"https:\\\/\\\/www.zapatosotijane.es\\\/?s={search_term_string}\"},\"query-input\":{\"@type\":\"PropertyValueSpecification\",\"valueRequired\":true,\"valueName\":\"search_term_string\"}}],\"inLanguage\":\"en-GB\"},{\"@type\":\"Organization\",\"@id\":\"https:\\\/\\\/www.zapatosotijane.es\\\/#organization\",\"name\":\"Zapatos veganos mujer\",\"url\":\"https:\\\/\\\/www.zapatosotijane.es\\\/\",\"logo\":{\"@type\":\"ImageObject\",\"inLanguage\":\"en-GB\",\"@id\":\"https:\\\/\\\/www.zapatosotijane.es\\\/#\\\/schema\\\/logo\\\/image\\\/\",\"url\":\"https:\\\/\\\/www.zapatosotijane.es\\\/wp-content\\\/uploads\\\/2023\\\/12\\\/cropped-LOGO-Otijane.png\",\"contentUrl\":\"https:\\\/\\\/www.zapatosotijane.es\\\/wp-content\\\/uploads\\\/2023\\\/12\\\/cropped-LOGO-Otijane.png\",\"width\":697,\"height\":480,\"caption\":\"Zapatos veganos mujer\"},\"image\":{\"@id\":\"https:\\\/\\\/www.zapatosotijane.es\\\/#\\\/schema\\\/logo\\\/image\\\/\"}}]}<\/script>\n<!-- \/ Yoast SEO plugin. -->","yoast_head_json":{"title":"Aviso Legal para RSS - Zapatos veganos mujer","robots":{"index":"index","follow":"follow","max-snippet":"max-snippet:-1","max-image-preview":"max-image-preview:large","max-video-preview":"max-video-preview:-1"},"canonical":"https:\/\/www.zapatosotijane.es\/en\/aviso-legal-para-rss\/","og_locale":"en_GB","og_type":"article","og_title":"Aviso Legal para RSS - Zapatos veganos mujer","og_description":"POLITICA DE USO y PRIVACIDAD RRSS\/ Normas de participaci\u00f3n y publicaci\u00f3n de contenidos Es importante recordar que cualquier informaci\u00f3n contenida en nuestros espacios digitales no tiene [\u2026]","og_url":"https:\/\/www.zapatosotijane.es\/en\/aviso-legal-para-rss\/","og_site_name":"Zapatos veganos mujer","twitter_card":"summary_large_image","twitter_misc":{"Estimated reading time":"4 minutes"},"schema":{"@context":"https:\/\/schema.org","@graph":[{"@type":"WebPage","@id":"https:\/\/www.zapatosotijane.es\/aviso-legal-para-rss\/","url":"https:\/\/www.zapatosotijane.es\/aviso-legal-para-rss\/","name":"Aviso Legal para RSS - Zapatos veganos mujer","isPartOf":{"@id":"https:\/\/www.zapatosotijane.es\/#website"},"datePublished":"2021-03-04T04:51:58+00:00","breadcrumb":{"@id":"https:\/\/www.zapatosotijane.es\/aviso-legal-para-rss\/#breadcrumb"},"inLanguage":"en-GB","potentialAction":[{"@type":"ReadAction","target":["https:\/\/www.zapatosotijane.es\/aviso-legal-para-rss\/"]}]},{"@type":"BreadcrumbList","@id":"https:\/\/www.zapatosotijane.es\/aviso-legal-para-rss\/#breadcrumb","itemListElement":[{"@type":"ListItem","position":1,"name":"Portada","item":"https:\/\/www.zapatosotijane.es\/"},{"@type":"ListItem","position":2,"name":"Aviso Legal para RSS"}]},{"@type":"WebSite","@id":"https:\/\/www.zapatosotijane.es\/#website","url":"https:\/\/www.zapatosotijane.es\/","name":"Zapatos veganos mujer","description":"Zapatos veganos de dise\u00f1o para mujer","publisher":{"@id":"https:\/\/www.zapatosotijane.es\/#organization"},"potentialAction":[{"@type":"SearchAction","target":{"@type":"EntryPoint","urlTemplate":"https:\/\/www.zapatosotijane.es\/?s={search_term_string}"},"query-input":{"@type":"PropertyValueSpecification","valueRequired":true,"valueName":"search_term_string"}}],"inLanguage":"en-GB"},{"@type":"Organization","@id":"https:\/\/www.zapatosotijane.es\/#organization","name":"Zapatos veganos mujer","url":"https:\/\/www.zapatosotijane.es\/","logo":{"@type":"ImageObject","inLanguage":"en-GB","@id":"https:\/\/www.zapatosotijane.es\/#\/schema\/logo\/image\/","url":"https:\/\/www.zapatosotijane.es\/wp-content\/uploads\/2023\/12\/cropped-LOGO-Otijane.png","contentUrl":"https:\/\/www.zapatosotijane.es\/wp-content\/uploads\/2023\/12\/cropped-LOGO-Otijane.png","width":697,"height":480,"caption":"Zapatos veganos mujer"},"image":{"@id":"https:\/\/www.zapatosotijane.es\/#\/schema\/logo\/image\/"}}]}},"_links":{"self":[{"href":"https:\/\/www.zapatosotijane.es\/en\/wp-json\/wp\/v2\/pages\/591","targetHints":{"allow":["GET"]}}],"collection":[{"href":"https:\/\/www.zapatosotijane.es\/en\/wp-json\/wp\/v2\/pages"}],"about":[{"href":"https:\/\/www.zapatosotijane.es\/en\/wp-json\/wp\/v2\/types\/page"}],"author":[{"embeddable":true,"href":"https:\/\/www.zapatosotijane.es\/en\/wp-json\/wp\/v2\/users\/1"}],"replies":[{"embeddable":true,"href":"https:\/\/www.zapatosotijane.es\/en\/wp-json\/wp\/v2\/comments?post=591"}],"version-history":[{"count":0,"href":"https:\/\/www.zapatosotijane.es\/en\/wp-json\/wp\/v2\/pages\/591\/revisions"}],"wp:attachment":[{"href":"https:\/\/www.zapatosotijane.es\/en\/wp-json\/wp\/v2\/media?parent=591"}],"curies":[{"name":"wp","href":"https:\/\/api.w.org\/{rel}","templated":true}]}}