{"id":1374,"date":"2022-09-21T20:15:30","date_gmt":"2022-09-21T19:15:30","guid":{"rendered":"https:\/\/www.zapatosotijane.es\/?post_type=product&#038;p=1374"},"modified":"2025-11-18T15:58:27","modified_gmt":"2025-11-18T14:58:27","slug":"barbara-col-piedra","status":"publish","type":"product","link":"https:\/\/www.zapatosotijane.es\/en\/product\/barbara-col-piedra\/","title":{"rendered":"B\u00e1rbara Piedra"},"content":{"rendered":"","protected":false},"excerpt":{"rendered":"<p class=\"p1\">Bot\u00edn fabricado en <i>BIO Leather<\/i> y tejido acolchado reciclado. Tac\u00f3n medio c\u00f3modo y elegante. El bot\u00edn de fondo de armario. Cremallera waterproof en contraste de color aportando un toque de originalidad y distinci\u00f3n.<\/p>\n<p class=\"p1\">Altura de tac\u00f3n: 35mm.<\/p>\n<p class=\"p1\">Color: negro\/piedra<\/p>\n<p class=\"p1\">Se recomienda limpiar con un pa\u00f1o h\u00famedo. Puede aplicarse cera neutra sobre el corte principal (negro)<\/p>\n<p>&nbsp;<\/p>","protected":false},"featured_media":1905,"comment_status":"closed","ping_status":"closed","template":"","meta":[],"product_brand":[],"product_cat":[19,34],"product_tag":[],"class_list":{"0":"post-1374","1":"product","2":"type-product","3":"status-publish","4":"has-post-thumbnail","6":"product_cat-botines-ecologicos-mujer","7":"product_cat-botines-con-tacon","9":"first","10":"instock","11":"sale","12":"shipping-taxable","13":"purchasable","14":"product-type-variable"},"yoast_head":"<!-- This site is optimized with the Yoast SEO plugin v27.5 - https:\/\/yoast.com\/product\/yoast-seo-wordpress\/ -->\n<title>B\u00e1rbara Piedra - Zapatos veganos mujer<\/title>\n<meta name=\"description\" content=\"Botines veganos mujer, botines veganos de tac\u00f3n, botines de cuero vegano. Cuero vegano. Bot\u00edn animal free bonitos. Zapatos veganos de mujer hechos en Espa\u00f1a\" \/>\n<meta name=\"robots\" content=\"index, follow, max-snippet:-1, max-image-preview:large, max-video-preview:-1\" \/>\n<link rel=\"canonical\" href=\"https:\/\/www.zapatosotijane.es\/en\/product\/barbara-col-piedra\/\" \/>\n<meta property=\"og:locale\" content=\"en_GB\" \/>\n<meta property=\"og:type\" content=\"article\" \/>\n<meta property=\"og:title\" content=\"B\u00e1rbara Piedra - Zapatos veganos mujer\" \/>\n<meta property=\"og:description\" content=\"Botines veganos mujer, botines veganos de tac\u00f3n, botines de cuero vegano. Cuero vegano. Bot\u00edn animal free bonitos. Zapatos veganos de mujer hechos en Espa\u00f1a\" \/>\n<meta property=\"og:url\" content=\"https:\/\/www.zapatosotijane.es\/en\/product\/barbara-col-piedra\/\" \/>\n<meta property=\"og:site_name\" content=\"Zapatos veganos mujer\" \/>\n<meta property=\"article:modified_time\" content=\"2025-11-18T14:58:27+00:00\" \/>\n<meta property=\"og:image\" content=\"https:\/\/www.zapatosotijane.es\/wp-content\/uploads\/2022\/09\/BARBRA-Stone-Perfil-par-1-e1716209583129.jpg\" \/>\n\t<meta property=\"og:image:width\" content=\"1080\" \/>\n\t<meta property=\"og:image:height\" content=\"1080\" \/>\n\t<meta property=\"og:image:type\" content=\"image\/jpeg\" \/>\n<meta name=\"twitter:card\" content=\"summary_large_image\" \/>\n<meta name=\"twitter:label1\" content=\"Estimated reading time\" \/>\n\t<meta name=\"twitter:data1\" content=\"1 minute\" \/>\n<script type=\"application\/ld+json\" class=\"yoast-schema-graph\">{\"@context\":\"https:\\\/\\\/schema.org\",\"@graph\":[{\"@type\":\"WebPage\",\"@id\":\"https:\\\/\\\/www.zapatosotijane.es\\\/producto\\\/barbara-col-piedra\\\/\",\"url\":\"https:\\\/\\\/www.zapatosotijane.es\\\/producto\\\/barbara-col-piedra\\\/\",\"name\":\"B\u00e1rbara Piedra - Zapatos veganos mujer\",\"isPartOf\":{\"@id\":\"https:\\\/\\\/www.zapatosotijane.es\\\/#website\"},\"primaryImageOfPage\":{\"@id\":\"https:\\\/\\\/www.zapatosotijane.es\\\/producto\\\/barbara-col-piedra\\\/#primaryimage\"},\"image\":{\"@id\":\"https:\\\/\\\/www.zapatosotijane.es\\\/producto\\\/barbara-col-piedra\\\/#primaryimage\"},\"thumbnailUrl\":\"https:\\\/\\\/www.zapatosotijane.es\\\/wp-content\\\/uploads\\\/2022\\\/09\\\/BARBRA-Stone-Perfil-par-1-e1716209583129.jpg\",\"datePublished\":\"2022-09-21T19:15:30+00:00\",\"dateModified\":\"2025-11-18T14:58:27+00:00\",\"description\":\"Botines veganos mujer, botines veganos de tac\u00f3n, botines de cuero vegano. Cuero vegano. Bot\u00edn animal free bonitos. Zapatos veganos de mujer hechos en Espa\u00f1a\",\"breadcrumb\":{\"@id\":\"https:\\\/\\\/www.zapatosotijane.es\\\/producto\\\/barbara-col-piedra\\\/#breadcrumb\"},\"inLanguage\":\"en-GB\",\"potentialAction\":[{\"@type\":\"ReadAction\",\"target\":[\"https:\\\/\\\/www.zapatosotijane.es\\\/producto\\\/barbara-col-piedra\\\/\"]}]},{\"@type\":\"ImageObject\",\"inLanguage\":\"en-GB\",\"@id\":\"https:\\\/\\\/www.zapatosotijane.es\\\/producto\\\/barbara-col-piedra\\\/#primaryimage\",\"url\":\"https:\\\/\\\/www.zapatosotijane.es\\\/wp-content\\\/uploads\\\/2022\\\/09\\\/BARBRA-Stone-Perfil-par-1-e1716209583129.jpg\",\"contentUrl\":\"https:\\\/\\\/www.zapatosotijane.es\\\/wp-content\\\/uploads\\\/2022\\\/09\\\/BARBRA-Stone-Perfil-par-1-e1716209583129.jpg\",\"width\":1080,\"height\":1080},{\"@type\":\"BreadcrumbList\",\"@id\":\"https:\\\/\\\/www.zapatosotijane.es\\\/producto\\\/barbara-col-piedra\\\/#breadcrumb\",\"itemListElement\":[{\"@type\":\"ListItem\",\"position\":1,\"name\":\"Portada\",\"item\":\"https:\\\/\\\/www.zapatosotijane.es\\\/\"},{\"@type\":\"ListItem\",\"position\":2,\"name\":\"Tienda\",\"item\":\"https:\\\/\\\/www.zapatosotijane.es\\\/tienda\\\/\"},{\"@type\":\"ListItem\",\"position\":3,\"name\":\"B\u00e1rbara Piedra\"}]},{\"@type\":\"WebSite\",\"@id\":\"https:\\\/\\\/www.zapatosotijane.es\\\/#website\",\"url\":\"https:\\\/\\\/www.zapatosotijane.es\\\/\",\"name\":\"Zapatos veganos mujer\",\"description\":\"Zapatos veganos de dise\u00f1o para mujer\",\"publisher\":{\"@id\":\"https:\\\/\\\/www.zapatosotijane.es\\\/#organization\"},\"potentialAction\":[{\"@type\":\"SearchAction\",\"target\":{\"@type\":\"EntryPoint\",\"urlTemplate\":\"https:\\\/\\\/www.zapatosotijane.es\\\/?s={search_term_string}\"},\"query-input\":{\"@type\":\"PropertyValueSpecification\",\"valueRequired\":true,\"valueName\":\"search_term_string\"}}],\"inLanguage\":\"en-GB\"},{\"@type\":\"Organization\",\"@id\":\"https:\\\/\\\/www.zapatosotijane.es\\\/#organization\",\"name\":\"Zapatos veganos mujer\",\"url\":\"https:\\\/\\\/www.zapatosotijane.es\\\/\",\"logo\":{\"@type\":\"ImageObject\",\"inLanguage\":\"en-GB\",\"@id\":\"https:\\\/\\\/www.zapatosotijane.es\\\/#\\\/schema\\\/logo\\\/image\\\/\",\"url\":\"https:\\\/\\\/www.zapatosotijane.es\\\/wp-content\\\/uploads\\\/2023\\\/12\\\/cropped-LOGO-Otijane.png\",\"contentUrl\":\"https:\\\/\\\/www.zapatosotijane.es\\\/wp-content\\\/uploads\\\/2023\\\/12\\\/cropped-LOGO-Otijane.png\",\"width\":697,\"height\":480,\"caption\":\"Zapatos veganos mujer\"},\"image\":{\"@id\":\"https:\\\/\\\/www.zapatosotijane.es\\\/#\\\/schema\\\/logo\\\/image\\\/\"}}]}<\/script>\n<!-- \/ Yoast SEO plugin. -->","yoast_head_json":{"title":"B\u00e1rbara Piedra - Zapatos veganos mujer","description":"Botines veganos mujer, botines veganos de tac\u00f3n, botines de cuero vegano. Cuero vegano. Bot\u00edn animal free bonitos. Zapatos veganos de mujer hechos en Espa\u00f1a","robots":{"index":"index","follow":"follow","max-snippet":"max-snippet:-1","max-image-preview":"max-image-preview:large","max-video-preview":"max-video-preview:-1"},"canonical":"https:\/\/www.zapatosotijane.es\/en\/product\/barbara-col-piedra\/","og_locale":"en_GB","og_type":"article","og_title":"B\u00e1rbara Piedra - Zapatos veganos mujer","og_description":"Botines veganos mujer, botines veganos de tac\u00f3n, botines de cuero vegano. Cuero vegano. Bot\u00edn animal free bonitos. Zapatos veganos de mujer hechos en Espa\u00f1a","og_url":"https:\/\/www.zapatosotijane.es\/en\/product\/barbara-col-piedra\/","og_site_name":"Zapatos veganos mujer","article_modified_time":"2025-11-18T14:58:27+00:00","og_image":[{"width":1080,"height":1080,"url":"https:\/\/www.zapatosotijane.es\/wp-content\/uploads\/2022\/09\/BARBRA-Stone-Perfil-par-1-e1716209583129.jpg","type":"image\/jpeg"}],"twitter_card":"summary_large_image","twitter_misc":{"Estimated reading time":"1 minute"},"schema":{"@context":"https:\/\/schema.org","@graph":[{"@type":"WebPage","@id":"https:\/\/www.zapatosotijane.es\/producto\/barbara-col-piedra\/","url":"https:\/\/www.zapatosotijane.es\/producto\/barbara-col-piedra\/","name":"B\u00e1rbara Piedra - Zapatos veganos mujer","isPartOf":{"@id":"https:\/\/www.zapatosotijane.es\/#website"},"primaryImageOfPage":{"@id":"https:\/\/www.zapatosotijane.es\/producto\/barbara-col-piedra\/#primaryimage"},"image":{"@id":"https:\/\/www.zapatosotijane.es\/producto\/barbara-col-piedra\/#primaryimage"},"thumbnailUrl":"https:\/\/www.zapatosotijane.es\/wp-content\/uploads\/2022\/09\/BARBRA-Stone-Perfil-par-1-e1716209583129.jpg","datePublished":"2022-09-21T19:15:30+00:00","dateModified":"2025-11-18T14:58:27+00:00","description":"Botines veganos mujer, botines veganos de tac\u00f3n, botines de cuero vegano. Cuero vegano. Bot\u00edn animal free bonitos. Zapatos veganos de mujer hechos en Espa\u00f1a","breadcrumb":{"@id":"https:\/\/www.zapatosotijane.es\/producto\/barbara-col-piedra\/#breadcrumb"},"inLanguage":"en-GB","potentialAction":[{"@type":"ReadAction","target":["https:\/\/www.zapatosotijane.es\/producto\/barbara-col-piedra\/"]}]},{"@type":"ImageObject","inLanguage":"en-GB","@id":"https:\/\/www.zapatosotijane.es\/producto\/barbara-col-piedra\/#primaryimage","url":"https:\/\/www.zapatosotijane.es\/wp-content\/uploads\/2022\/09\/BARBRA-Stone-Perfil-par-1-e1716209583129.jpg","contentUrl":"https:\/\/www.zapatosotijane.es\/wp-content\/uploads\/2022\/09\/BARBRA-Stone-Perfil-par-1-e1716209583129.jpg","width":1080,"height":1080},{"@type":"BreadcrumbList","@id":"https:\/\/www.zapatosotijane.es\/producto\/barbara-col-piedra\/#breadcrumb","itemListElement":[{"@type":"ListItem","position":1,"name":"Portada","item":"https:\/\/www.zapatosotijane.es\/"},{"@type":"ListItem","position":2,"name":"Tienda","item":"https:\/\/www.zapatosotijane.es\/tienda\/"},{"@type":"ListItem","position":3,"name":"B\u00e1rbara Piedra"}]},{"@type":"WebSite","@id":"https:\/\/www.zapatosotijane.es\/#website","url":"https:\/\/www.zapatosotijane.es\/","name":"Zapatos veganos mujer","description":"Zapatos veganos de dise\u00f1o para mujer","publisher":{"@id":"https:\/\/www.zapatosotijane.es\/#organization"},"potentialAction":[{"@type":"SearchAction","target":{"@type":"EntryPoint","urlTemplate":"https:\/\/www.zapatosotijane.es\/?s={search_term_string}"},"query-input":{"@type":"PropertyValueSpecification","valueRequired":true,"valueName":"search_term_string"}}],"inLanguage":"en-GB"},{"@type":"Organization","@id":"https:\/\/www.zapatosotijane.es\/#organization","name":"Zapatos veganos mujer","url":"https:\/\/www.zapatosotijane.es\/","logo":{"@type":"ImageObject","inLanguage":"en-GB","@id":"https:\/\/www.zapatosotijane.es\/#\/schema\/logo\/image\/","url":"https:\/\/www.zapatosotijane.es\/wp-content\/uploads\/2023\/12\/cropped-LOGO-Otijane.png","contentUrl":"https:\/\/www.zapatosotijane.es\/wp-content\/uploads\/2023\/12\/cropped-LOGO-Otijane.png","width":697,"height":480,"caption":"Zapatos veganos mujer"},"image":{"@id":"https:\/\/www.zapatosotijane.es\/#\/schema\/logo\/image\/"}}]}},"_links":{"self":[{"href":"https:\/\/www.zapatosotijane.es\/en\/wp-json\/wp\/v2\/product\/1374","targetHints":{"allow":["GET"]}}],"collection":[{"href":"https:\/\/www.zapatosotijane.es\/en\/wp-json\/wp\/v2\/product"}],"about":[{"href":"https:\/\/www.zapatosotijane.es\/en\/wp-json\/wp\/v2\/types\/product"}],"replies":[{"embeddable":true,"href":"https:\/\/www.zapatosotijane.es\/en\/wp-json\/wp\/v2\/comments?post=1374"}],"wp:featuredmedia":[{"embeddable":true,"href":"https:\/\/www.zapatosotijane.es\/en\/wp-json\/wp\/v2\/media\/1905"}],"wp:attachment":[{"href":"https:\/\/www.zapatosotijane.es\/en\/wp-json\/wp\/v2\/media?parent=1374"}],"wp:term":[{"taxonomy":"product_brand","embeddable":true,"href":"https:\/\/www.zapatosotijane.es\/en\/wp-json\/wp\/v2\/product_brand?post=1374"},{"taxonomy":"product_cat","embeddable":true,"href":"https:\/\/www.zapatosotijane.es\/en\/wp-json\/wp\/v2\/product_cat?post=1374"},{"taxonomy":"product_tag","embeddable":true,"href":"https:\/\/www.zapatosotijane.es\/en\/wp-json\/wp\/v2\/product_tag?post=1374"}],"curies":[{"name":"wp","href":"https:\/\/api.w.org\/{rel}","templated":true}]}}