{"id":1398,"date":"2022-09-22T08:58:21","date_gmt":"2022-09-22T07:58:21","guid":{"rendered":"https:\/\/www.zapatosotijane.es\/?post_type=product&#038;p=1398"},"modified":"2025-11-18T15:57:08","modified_gmt":"2025-11-18T14:57:08","slug":"blanca-negro","status":"publish","type":"product","link":"https:\/\/www.zapatosotijane.es\/en\/product\/blanca-negro\/","title":{"rendered":"Blanca Negro"},"content":{"rendered":"","protected":false},"excerpt":{"rendered":"<p class=\"p1\">Bot\u00edn fabricado en resistente microfibra <i>bio-suede <\/i>y tejido acolchado reciclado. C\u00f3modo tac\u00f3n medio y suela con cerco proporcionando agarre y confort. Sistema de cierre: cremallera y cordonera en contraste de color.<\/p>\n<p class=\"p1\">Altura de tac\u00f3n: 35mm.<\/p>\n<p class=\"p1\">Color: antracita\/negro<\/p>\n<p class=\"p1\">Se recomienda limpiar con un pa\u00f1o h\u00famedo.<\/p>","protected":false},"featured_media":1429,"comment_status":"closed","ping_status":"closed","template":"","meta":[],"product_brand":[],"product_cat":[19,34],"product_tag":[],"class_list":{"0":"post-1398","1":"product","2":"type-product","3":"status-publish","4":"has-post-thumbnail","6":"product_cat-botines-ecologicos-mujer","7":"product_cat-botines-con-tacon","9":"first","10":"instock","11":"sale","12":"shipping-taxable","13":"purchasable","14":"product-type-variable"},"yoast_head":"<!-- This site is optimized with the Yoast SEO plugin v27.5 - https:\/\/yoast.com\/product\/yoast-seo-wordpress\/ -->\n<title>Blanca Negro - Zapatos veganos mujer<\/title>\n<meta name=\"robots\" content=\"index, follow, max-snippet:-1, max-image-preview:large, max-video-preview:-1\" \/>\n<link rel=\"canonical\" href=\"https:\/\/www.zapatosotijane.es\/en\/product\/blanca-negro\/\" \/>\n<meta property=\"og:locale\" content=\"en_GB\" \/>\n<meta property=\"og:type\" content=\"article\" \/>\n<meta property=\"og:title\" content=\"Blanca Negro - Zapatos veganos mujer\" \/>\n<meta property=\"og:description\" content=\"Bot\u00edn fabricado en resistente microfibra bio-suede y tejido acolchado reciclado. C\u00f3modo tac\u00f3n medio y suela con cerco proporcionando agarre y confort. Sistema de cierre: cremallera y cordonera en contraste de color. Altura de tac\u00f3n: 35mm. Color: antracita\/negro Se recomienda limpiar con un pa\u00f1o h\u00famedo.\" \/>\n<meta property=\"og:url\" content=\"https:\/\/www.zapatosotijane.es\/en\/product\/blanca-negro\/\" \/>\n<meta property=\"og:site_name\" content=\"Zapatos veganos mujer\" \/>\n<meta property=\"article:modified_time\" content=\"2025-11-18T14:57:08+00:00\" \/>\n<meta property=\"og:image\" content=\"https:\/\/www.zapatosotijane.es\/wp-content\/uploads\/2022\/09\/blanca-col1-perf1.jpg\" \/>\n\t<meta property=\"og:image:width\" content=\"800\" \/>\n\t<meta property=\"og:image:height\" content=\"800\" \/>\n\t<meta property=\"og:image:type\" content=\"image\/jpeg\" \/>\n<meta name=\"twitter:card\" content=\"summary_large_image\" \/>\n<meta name=\"twitter:label1\" content=\"Estimated reading time\" \/>\n\t<meta name=\"twitter:data1\" content=\"1 minute\" \/>\n<script type=\"application\/ld+json\" class=\"yoast-schema-graph\">{\"@context\":\"https:\\\/\\\/schema.org\",\"@graph\":[{\"@type\":\"WebPage\",\"@id\":\"https:\\\/\\\/www.zapatosotijane.es\\\/producto\\\/blanca-negro\\\/\",\"url\":\"https:\\\/\\\/www.zapatosotijane.es\\\/producto\\\/blanca-negro\\\/\",\"name\":\"Blanca Negro - Zapatos veganos mujer\",\"isPartOf\":{\"@id\":\"https:\\\/\\\/www.zapatosotijane.es\\\/#website\"},\"primaryImageOfPage\":{\"@id\":\"https:\\\/\\\/www.zapatosotijane.es\\\/producto\\\/blanca-negro\\\/#primaryimage\"},\"image\":{\"@id\":\"https:\\\/\\\/www.zapatosotijane.es\\\/producto\\\/blanca-negro\\\/#primaryimage\"},\"thumbnailUrl\":\"https:\\\/\\\/www.zapatosotijane.es\\\/wp-content\\\/uploads\\\/2022\\\/09\\\/blanca-col1-perf1.jpg\",\"datePublished\":\"2022-09-22T07:58:21+00:00\",\"dateModified\":\"2025-11-18T14:57:08+00:00\",\"breadcrumb\":{\"@id\":\"https:\\\/\\\/www.zapatosotijane.es\\\/producto\\\/blanca-negro\\\/#breadcrumb\"},\"inLanguage\":\"en-GB\",\"potentialAction\":[{\"@type\":\"ReadAction\",\"target\":[\"https:\\\/\\\/www.zapatosotijane.es\\\/producto\\\/blanca-negro\\\/\"]}]},{\"@type\":\"ImageObject\",\"inLanguage\":\"en-GB\",\"@id\":\"https:\\\/\\\/www.zapatosotijane.es\\\/producto\\\/blanca-negro\\\/#primaryimage\",\"url\":\"https:\\\/\\\/www.zapatosotijane.es\\\/wp-content\\\/uploads\\\/2022\\\/09\\\/blanca-col1-perf1.jpg\",\"contentUrl\":\"https:\\\/\\\/www.zapatosotijane.es\\\/wp-content\\\/uploads\\\/2022\\\/09\\\/blanca-col1-perf1.jpg\",\"width\":800,\"height\":800},{\"@type\":\"BreadcrumbList\",\"@id\":\"https:\\\/\\\/www.zapatosotijane.es\\\/producto\\\/blanca-negro\\\/#breadcrumb\",\"itemListElement\":[{\"@type\":\"ListItem\",\"position\":1,\"name\":\"Portada\",\"item\":\"https:\\\/\\\/www.zapatosotijane.es\\\/\"},{\"@type\":\"ListItem\",\"position\":2,\"name\":\"Tienda\",\"item\":\"https:\\\/\\\/www.zapatosotijane.es\\\/tienda\\\/\"},{\"@type\":\"ListItem\",\"position\":3,\"name\":\"Blanca Negro\"}]},{\"@type\":\"WebSite\",\"@id\":\"https:\\\/\\\/www.zapatosotijane.es\\\/#website\",\"url\":\"https:\\\/\\\/www.zapatosotijane.es\\\/\",\"name\":\"Zapatos veganos mujer\",\"description\":\"Zapatos veganos de dise\u00f1o para mujer\",\"publisher\":{\"@id\":\"https:\\\/\\\/www.zapatosotijane.es\\\/#organization\"},\"potentialAction\":[{\"@type\":\"SearchAction\",\"target\":{\"@type\":\"EntryPoint\",\"urlTemplate\":\"https:\\\/\\\/www.zapatosotijane.es\\\/?s={search_term_string}\"},\"query-input\":{\"@type\":\"PropertyValueSpecification\",\"valueRequired\":true,\"valueName\":\"search_term_string\"}}],\"inLanguage\":\"en-GB\"},{\"@type\":\"Organization\",\"@id\":\"https:\\\/\\\/www.zapatosotijane.es\\\/#organization\",\"name\":\"Zapatos veganos mujer\",\"url\":\"https:\\\/\\\/www.zapatosotijane.es\\\/\",\"logo\":{\"@type\":\"ImageObject\",\"inLanguage\":\"en-GB\",\"@id\":\"https:\\\/\\\/www.zapatosotijane.es\\\/#\\\/schema\\\/logo\\\/image\\\/\",\"url\":\"https:\\\/\\\/www.zapatosotijane.es\\\/wp-content\\\/uploads\\\/2023\\\/12\\\/cropped-LOGO-Otijane.png\",\"contentUrl\":\"https:\\\/\\\/www.zapatosotijane.es\\\/wp-content\\\/uploads\\\/2023\\\/12\\\/cropped-LOGO-Otijane.png\",\"width\":697,\"height\":480,\"caption\":\"Zapatos veganos mujer\"},\"image\":{\"@id\":\"https:\\\/\\\/www.zapatosotijane.es\\\/#\\\/schema\\\/logo\\\/image\\\/\"}}]}<\/script>\n<!-- \/ Yoast SEO plugin. -->","yoast_head_json":{"title":"Blanca Negro - Zapatos veganos mujer","robots":{"index":"index","follow":"follow","max-snippet":"max-snippet:-1","max-image-preview":"max-image-preview:large","max-video-preview":"max-video-preview:-1"},"canonical":"https:\/\/www.zapatosotijane.es\/en\/product\/blanca-negro\/","og_locale":"en_GB","og_type":"article","og_title":"Blanca Negro - Zapatos veganos mujer","og_description":"Bot\u00edn fabricado en resistente microfibra bio-suede y tejido acolchado reciclado. C\u00f3modo tac\u00f3n medio y suela con cerco proporcionando agarre y confort. Sistema de cierre: cremallera y cordonera en contraste de color. Altura de tac\u00f3n: 35mm. Color: antracita\/negro Se recomienda limpiar con un pa\u00f1o h\u00famedo.","og_url":"https:\/\/www.zapatosotijane.es\/en\/product\/blanca-negro\/","og_site_name":"Zapatos veganos mujer","article_modified_time":"2025-11-18T14:57:08+00:00","og_image":[{"width":800,"height":800,"url":"https:\/\/www.zapatosotijane.es\/wp-content\/uploads\/2022\/09\/blanca-col1-perf1.jpg","type":"image\/jpeg"}],"twitter_card":"summary_large_image","twitter_misc":{"Estimated reading time":"1 minute"},"schema":{"@context":"https:\/\/schema.org","@graph":[{"@type":"WebPage","@id":"https:\/\/www.zapatosotijane.es\/producto\/blanca-negro\/","url":"https:\/\/www.zapatosotijane.es\/producto\/blanca-negro\/","name":"Blanca Negro - Zapatos veganos mujer","isPartOf":{"@id":"https:\/\/www.zapatosotijane.es\/#website"},"primaryImageOfPage":{"@id":"https:\/\/www.zapatosotijane.es\/producto\/blanca-negro\/#primaryimage"},"image":{"@id":"https:\/\/www.zapatosotijane.es\/producto\/blanca-negro\/#primaryimage"},"thumbnailUrl":"https:\/\/www.zapatosotijane.es\/wp-content\/uploads\/2022\/09\/blanca-col1-perf1.jpg","datePublished":"2022-09-22T07:58:21+00:00","dateModified":"2025-11-18T14:57:08+00:00","breadcrumb":{"@id":"https:\/\/www.zapatosotijane.es\/producto\/blanca-negro\/#breadcrumb"},"inLanguage":"en-GB","potentialAction":[{"@type":"ReadAction","target":["https:\/\/www.zapatosotijane.es\/producto\/blanca-negro\/"]}]},{"@type":"ImageObject","inLanguage":"en-GB","@id":"https:\/\/www.zapatosotijane.es\/producto\/blanca-negro\/#primaryimage","url":"https:\/\/www.zapatosotijane.es\/wp-content\/uploads\/2022\/09\/blanca-col1-perf1.jpg","contentUrl":"https:\/\/www.zapatosotijane.es\/wp-content\/uploads\/2022\/09\/blanca-col1-perf1.jpg","width":800,"height":800},{"@type":"BreadcrumbList","@id":"https:\/\/www.zapatosotijane.es\/producto\/blanca-negro\/#breadcrumb","itemListElement":[{"@type":"ListItem","position":1,"name":"Portada","item":"https:\/\/www.zapatosotijane.es\/"},{"@type":"ListItem","position":2,"name":"Tienda","item":"https:\/\/www.zapatosotijane.es\/tienda\/"},{"@type":"ListItem","position":3,"name":"Blanca Negro"}]},{"@type":"WebSite","@id":"https:\/\/www.zapatosotijane.es\/#website","url":"https:\/\/www.zapatosotijane.es\/","name":"Zapatos veganos mujer","description":"Zapatos veganos de dise\u00f1o para mujer","publisher":{"@id":"https:\/\/www.zapatosotijane.es\/#organization"},"potentialAction":[{"@type":"SearchAction","target":{"@type":"EntryPoint","urlTemplate":"https:\/\/www.zapatosotijane.es\/?s={search_term_string}"},"query-input":{"@type":"PropertyValueSpecification","valueRequired":true,"valueName":"search_term_string"}}],"inLanguage":"en-GB"},{"@type":"Organization","@id":"https:\/\/www.zapatosotijane.es\/#organization","name":"Zapatos veganos mujer","url":"https:\/\/www.zapatosotijane.es\/","logo":{"@type":"ImageObject","inLanguage":"en-GB","@id":"https:\/\/www.zapatosotijane.es\/#\/schema\/logo\/image\/","url":"https:\/\/www.zapatosotijane.es\/wp-content\/uploads\/2023\/12\/cropped-LOGO-Otijane.png","contentUrl":"https:\/\/www.zapatosotijane.es\/wp-content\/uploads\/2023\/12\/cropped-LOGO-Otijane.png","width":697,"height":480,"caption":"Zapatos veganos mujer"},"image":{"@id":"https:\/\/www.zapatosotijane.es\/#\/schema\/logo\/image\/"}}]}},"_links":{"self":[{"href":"https:\/\/www.zapatosotijane.es\/en\/wp-json\/wp\/v2\/product\/1398","targetHints":{"allow":["GET"]}}],"collection":[{"href":"https:\/\/www.zapatosotijane.es\/en\/wp-json\/wp\/v2\/product"}],"about":[{"href":"https:\/\/www.zapatosotijane.es\/en\/wp-json\/wp\/v2\/types\/product"}],"replies":[{"embeddable":true,"href":"https:\/\/www.zapatosotijane.es\/en\/wp-json\/wp\/v2\/comments?post=1398"}],"wp:featuredmedia":[{"embeddable":true,"href":"https:\/\/www.zapatosotijane.es\/en\/wp-json\/wp\/v2\/media\/1429"}],"wp:attachment":[{"href":"https:\/\/www.zapatosotijane.es\/en\/wp-json\/wp\/v2\/media?parent=1398"}],"wp:term":[{"taxonomy":"product_brand","embeddable":true,"href":"https:\/\/www.zapatosotijane.es\/en\/wp-json\/wp\/v2\/product_brand?post=1398"},{"taxonomy":"product_cat","embeddable":true,"href":"https:\/\/www.zapatosotijane.es\/en\/wp-json\/wp\/v2\/product_cat?post=1398"},{"taxonomy":"product_tag","embeddable":true,"href":"https:\/\/www.zapatosotijane.es\/en\/wp-json\/wp\/v2\/product_tag?post=1398"}],"curies":[{"name":"wp","href":"https:\/\/api.w.org\/{rel}","templated":true}]}}