{"id":1869,"date":"2024-02-03T18:45:21","date_gmt":"2024-02-03T17:45:21","guid":{"rendered":"https:\/\/www.zapatosotijane.es\/?post_type=product&#038;p=1869"},"modified":"2025-10-21T09:08:56","modified_gmt":"2025-10-21T08:08:56","slug":"mariola-camel","status":"publish","type":"product","link":"https:\/\/www.zapatosotijane.es\/en\/product\/mariola-camel\/","title":{"rendered":"Mariola Camel"},"content":{"rendered":"","protected":false},"excerpt":{"rendered":"<p>ESTE MODELO CALZA PEQUE\u00d1O. RECOMENDAMOS PEDIR UNA TALLA M\u00c1S<\/p>\n<p>Modelo Mariola fabricado en microfibra premium y piel vegana prodecente del ma\u00edz.<\/p>\n<p>Dise\u00f1o original, elegante y s\u00faper c\u00f3modo. Adecuado para cualquier ocasi\u00f3n o evento. Ideal para combinar con vestidos, pantalones, vaqueros, shorts&#8230; un imprescindible en tu armario que este verano aterriza en 3 colores. Nuesto destalonado favorito en tonos neutros para que te lo pongas con todo.<\/p>\n<p>Dise\u00f1ado y fabricado 100% en Espa\u00f1a<\/p>\n<p class=\"p1\">Altura de tac\u00f3n: 18mm.<\/p>\n<p class=\"p1\">Color: camel\/azul\/blanco\/<\/p>\n<p class=\"p1\"><span class=\"Y2IQFc\" lang=\"es\"> Consejo de limpieza: con pasar un pa\u00f1o h\u00famedo por la superfice de tus Otijane, es suficiente. Puedes aplicar un poquito de jab\u00f3n neutro si hay alguna mancha\/marca m\u00e1s rebelde, o utilizar crema neutra para calzado.<br \/>\n<\/span><\/p>","protected":false},"featured_media":1875,"comment_status":"closed","ping_status":"closed","template":"","meta":[],"product_brand":[],"product_cat":[18,31],"product_tag":[],"class_list":{"0":"post-1869","1":"product","2":"type-product","3":"status-publish","4":"has-post-thumbnail","6":"product_cat-zapatos-ecologicos-mujer","7":"product_cat-zapatos-sin-tacon","9":"first","10":"instock","11":"sale","12":"featured","13":"shipping-taxable","14":"purchasable","15":"product-type-variable"},"yoast_head":"<!-- This site is optimized with the Yoast SEO plugin v27.5 - https:\/\/yoast.com\/product\/yoast-seo-wordpress\/ -->\n<title>Mariola Camel - Zapatos veganos mujer<\/title>\n<meta name=\"description\" content=\"Zapatos veganos mujer, zapatos veganos planos, zapatos veganos bonitos. Cuero vegano. Zapatos mujer animal free . Zapatos veganos de mujer hechos en Espa\u00f1a.\" \/>\n<meta name=\"robots\" content=\"index, follow, max-snippet:-1, max-image-preview:large, max-video-preview:-1\" \/>\n<link rel=\"canonical\" href=\"https:\/\/www.zapatosotijane.es\/en\/product\/mariola-camel\/\" \/>\n<meta property=\"og:locale\" content=\"en_GB\" \/>\n<meta property=\"og:type\" content=\"article\" \/>\n<meta property=\"og:title\" content=\"Mariola Camel - Zapatos veganos mujer\" \/>\n<meta property=\"og:description\" content=\"Zapatos veganos mujer, zapatos veganos planos, zapatos veganos bonitos. Cuero vegano. Zapatos mujer animal free . Zapatos veganos de mujer hechos en Espa\u00f1a.\" \/>\n<meta property=\"og:url\" content=\"https:\/\/www.zapatosotijane.es\/en\/product\/mariola-camel\/\" \/>\n<meta property=\"og:site_name\" content=\"Zapatos veganos mujer\" \/>\n<meta property=\"article:modified_time\" content=\"2025-10-21T08:08:56+00:00\" \/>\n<meta property=\"og:image\" content=\"https:\/\/www.zapatosotijane.es\/wp-content\/uploads\/2024\/02\/MARIOLA_COL3_Side.jpg\" \/>\n\t<meta property=\"og:image:width\" content=\"1080\" \/>\n\t<meta property=\"og:image:height\" content=\"1080\" \/>\n\t<meta property=\"og:image:type\" content=\"image\/jpeg\" \/>\n<meta name=\"twitter:card\" content=\"summary_large_image\" \/>\n<meta name=\"twitter:label1\" content=\"Estimated reading time\" \/>\n\t<meta name=\"twitter:data1\" content=\"1 minute\" \/>\n<script type=\"application\/ld+json\" class=\"yoast-schema-graph\">{\"@context\":\"https:\\\/\\\/schema.org\",\"@graph\":[{\"@type\":\"WebPage\",\"@id\":\"https:\\\/\\\/www.zapatosotijane.es\\\/producto\\\/mariola-camel\\\/\",\"url\":\"https:\\\/\\\/www.zapatosotijane.es\\\/producto\\\/mariola-camel\\\/\",\"name\":\"Mariola Camel - Zapatos veganos mujer\",\"isPartOf\":{\"@id\":\"https:\\\/\\\/www.zapatosotijane.es\\\/#website\"},\"primaryImageOfPage\":{\"@id\":\"https:\\\/\\\/www.zapatosotijane.es\\\/producto\\\/mariola-camel\\\/#primaryimage\"},\"image\":{\"@id\":\"https:\\\/\\\/www.zapatosotijane.es\\\/producto\\\/mariola-camel\\\/#primaryimage\"},\"thumbnailUrl\":\"https:\\\/\\\/www.zapatosotijane.es\\\/wp-content\\\/uploads\\\/2024\\\/02\\\/MARIOLA_COL3_Side.jpg\",\"datePublished\":\"2024-02-03T17:45:21+00:00\",\"dateModified\":\"2025-10-21T08:08:56+00:00\",\"description\":\"Zapatos veganos mujer, zapatos veganos planos, zapatos veganos bonitos. Cuero vegano. Zapatos mujer animal free . Zapatos veganos de mujer hechos en Espa\u00f1a.\",\"breadcrumb\":{\"@id\":\"https:\\\/\\\/www.zapatosotijane.es\\\/producto\\\/mariola-camel\\\/#breadcrumb\"},\"inLanguage\":\"en-GB\",\"potentialAction\":[{\"@type\":\"ReadAction\",\"target\":[\"https:\\\/\\\/www.zapatosotijane.es\\\/producto\\\/mariola-camel\\\/\"]}]},{\"@type\":\"ImageObject\",\"inLanguage\":\"en-GB\",\"@id\":\"https:\\\/\\\/www.zapatosotijane.es\\\/producto\\\/mariola-camel\\\/#primaryimage\",\"url\":\"https:\\\/\\\/www.zapatosotijane.es\\\/wp-content\\\/uploads\\\/2024\\\/02\\\/MARIOLA_COL3_Side.jpg\",\"contentUrl\":\"https:\\\/\\\/www.zapatosotijane.es\\\/wp-content\\\/uploads\\\/2024\\\/02\\\/MARIOLA_COL3_Side.jpg\",\"width\":1080,\"height\":1080},{\"@type\":\"BreadcrumbList\",\"@id\":\"https:\\\/\\\/www.zapatosotijane.es\\\/producto\\\/mariola-camel\\\/#breadcrumb\",\"itemListElement\":[{\"@type\":\"ListItem\",\"position\":1,\"name\":\"Portada\",\"item\":\"https:\\\/\\\/www.zapatosotijane.es\\\/\"},{\"@type\":\"ListItem\",\"position\":2,\"name\":\"Tienda\",\"item\":\"https:\\\/\\\/www.zapatosotijane.es\\\/tienda\\\/\"},{\"@type\":\"ListItem\",\"position\":3,\"name\":\"Mariola Camel\"}]},{\"@type\":\"WebSite\",\"@id\":\"https:\\\/\\\/www.zapatosotijane.es\\\/#website\",\"url\":\"https:\\\/\\\/www.zapatosotijane.es\\\/\",\"name\":\"Zapatos veganos mujer\",\"description\":\"Zapatos veganos de dise\u00f1o para mujer\",\"publisher\":{\"@id\":\"https:\\\/\\\/www.zapatosotijane.es\\\/#organization\"},\"potentialAction\":[{\"@type\":\"SearchAction\",\"target\":{\"@type\":\"EntryPoint\",\"urlTemplate\":\"https:\\\/\\\/www.zapatosotijane.es\\\/?s={search_term_string}\"},\"query-input\":{\"@type\":\"PropertyValueSpecification\",\"valueRequired\":true,\"valueName\":\"search_term_string\"}}],\"inLanguage\":\"en-GB\"},{\"@type\":\"Organization\",\"@id\":\"https:\\\/\\\/www.zapatosotijane.es\\\/#organization\",\"name\":\"Zapatos veganos mujer\",\"url\":\"https:\\\/\\\/www.zapatosotijane.es\\\/\",\"logo\":{\"@type\":\"ImageObject\",\"inLanguage\":\"en-GB\",\"@id\":\"https:\\\/\\\/www.zapatosotijane.es\\\/#\\\/schema\\\/logo\\\/image\\\/\",\"url\":\"https:\\\/\\\/www.zapatosotijane.es\\\/wp-content\\\/uploads\\\/2023\\\/12\\\/cropped-LOGO-Otijane.png\",\"contentUrl\":\"https:\\\/\\\/www.zapatosotijane.es\\\/wp-content\\\/uploads\\\/2023\\\/12\\\/cropped-LOGO-Otijane.png\",\"width\":697,\"height\":480,\"caption\":\"Zapatos veganos mujer\"},\"image\":{\"@id\":\"https:\\\/\\\/www.zapatosotijane.es\\\/#\\\/schema\\\/logo\\\/image\\\/\"}}]}<\/script>\n<!-- \/ Yoast SEO plugin. -->","yoast_head_json":{"title":"Mariola Camel - Zapatos veganos mujer","description":"Zapatos veganos mujer, zapatos veganos planos, zapatos veganos bonitos. Cuero vegano. Zapatos mujer animal free . Zapatos veganos de mujer hechos en Espa\u00f1a.","robots":{"index":"index","follow":"follow","max-snippet":"max-snippet:-1","max-image-preview":"max-image-preview:large","max-video-preview":"max-video-preview:-1"},"canonical":"https:\/\/www.zapatosotijane.es\/en\/product\/mariola-camel\/","og_locale":"en_GB","og_type":"article","og_title":"Mariola Camel - Zapatos veganos mujer","og_description":"Zapatos veganos mujer, zapatos veganos planos, zapatos veganos bonitos. Cuero vegano. Zapatos mujer animal free . Zapatos veganos de mujer hechos en Espa\u00f1a.","og_url":"https:\/\/www.zapatosotijane.es\/en\/product\/mariola-camel\/","og_site_name":"Zapatos veganos mujer","article_modified_time":"2025-10-21T08:08:56+00:00","og_image":[{"width":1080,"height":1080,"url":"https:\/\/www.zapatosotijane.es\/wp-content\/uploads\/2024\/02\/MARIOLA_COL3_Side.jpg","type":"image\/jpeg"}],"twitter_card":"summary_large_image","twitter_misc":{"Estimated reading time":"1 minute"},"schema":{"@context":"https:\/\/schema.org","@graph":[{"@type":"WebPage","@id":"https:\/\/www.zapatosotijane.es\/producto\/mariola-camel\/","url":"https:\/\/www.zapatosotijane.es\/producto\/mariola-camel\/","name":"Mariola Camel - Zapatos veganos mujer","isPartOf":{"@id":"https:\/\/www.zapatosotijane.es\/#website"},"primaryImageOfPage":{"@id":"https:\/\/www.zapatosotijane.es\/producto\/mariola-camel\/#primaryimage"},"image":{"@id":"https:\/\/www.zapatosotijane.es\/producto\/mariola-camel\/#primaryimage"},"thumbnailUrl":"https:\/\/www.zapatosotijane.es\/wp-content\/uploads\/2024\/02\/MARIOLA_COL3_Side.jpg","datePublished":"2024-02-03T17:45:21+00:00","dateModified":"2025-10-21T08:08:56+00:00","description":"Zapatos veganos mujer, zapatos veganos planos, zapatos veganos bonitos. Cuero vegano. Zapatos mujer animal free . Zapatos veganos de mujer hechos en Espa\u00f1a.","breadcrumb":{"@id":"https:\/\/www.zapatosotijane.es\/producto\/mariola-camel\/#breadcrumb"},"inLanguage":"en-GB","potentialAction":[{"@type":"ReadAction","target":["https:\/\/www.zapatosotijane.es\/producto\/mariola-camel\/"]}]},{"@type":"ImageObject","inLanguage":"en-GB","@id":"https:\/\/www.zapatosotijane.es\/producto\/mariola-camel\/#primaryimage","url":"https:\/\/www.zapatosotijane.es\/wp-content\/uploads\/2024\/02\/MARIOLA_COL3_Side.jpg","contentUrl":"https:\/\/www.zapatosotijane.es\/wp-content\/uploads\/2024\/02\/MARIOLA_COL3_Side.jpg","width":1080,"height":1080},{"@type":"BreadcrumbList","@id":"https:\/\/www.zapatosotijane.es\/producto\/mariola-camel\/#breadcrumb","itemListElement":[{"@type":"ListItem","position":1,"name":"Portada","item":"https:\/\/www.zapatosotijane.es\/"},{"@type":"ListItem","position":2,"name":"Tienda","item":"https:\/\/www.zapatosotijane.es\/tienda\/"},{"@type":"ListItem","position":3,"name":"Mariola Camel"}]},{"@type":"WebSite","@id":"https:\/\/www.zapatosotijane.es\/#website","url":"https:\/\/www.zapatosotijane.es\/","name":"Zapatos veganos mujer","description":"Zapatos veganos de dise\u00f1o para mujer","publisher":{"@id":"https:\/\/www.zapatosotijane.es\/#organization"},"potentialAction":[{"@type":"SearchAction","target":{"@type":"EntryPoint","urlTemplate":"https:\/\/www.zapatosotijane.es\/?s={search_term_string}"},"query-input":{"@type":"PropertyValueSpecification","valueRequired":true,"valueName":"search_term_string"}}],"inLanguage":"en-GB"},{"@type":"Organization","@id":"https:\/\/www.zapatosotijane.es\/#organization","name":"Zapatos veganos mujer","url":"https:\/\/www.zapatosotijane.es\/","logo":{"@type":"ImageObject","inLanguage":"en-GB","@id":"https:\/\/www.zapatosotijane.es\/#\/schema\/logo\/image\/","url":"https:\/\/www.zapatosotijane.es\/wp-content\/uploads\/2023\/12\/cropped-LOGO-Otijane.png","contentUrl":"https:\/\/www.zapatosotijane.es\/wp-content\/uploads\/2023\/12\/cropped-LOGO-Otijane.png","width":697,"height":480,"caption":"Zapatos veganos mujer"},"image":{"@id":"https:\/\/www.zapatosotijane.es\/#\/schema\/logo\/image\/"}}]}},"_links":{"self":[{"href":"https:\/\/www.zapatosotijane.es\/en\/wp-json\/wp\/v2\/product\/1869","targetHints":{"allow":["GET"]}}],"collection":[{"href":"https:\/\/www.zapatosotijane.es\/en\/wp-json\/wp\/v2\/product"}],"about":[{"href":"https:\/\/www.zapatosotijane.es\/en\/wp-json\/wp\/v2\/types\/product"}],"replies":[{"embeddable":true,"href":"https:\/\/www.zapatosotijane.es\/en\/wp-json\/wp\/v2\/comments?post=1869"}],"wp:featuredmedia":[{"embeddable":true,"href":"https:\/\/www.zapatosotijane.es\/en\/wp-json\/wp\/v2\/media\/1875"}],"wp:attachment":[{"href":"https:\/\/www.zapatosotijane.es\/en\/wp-json\/wp\/v2\/media?parent=1869"}],"wp:term":[{"taxonomy":"product_brand","embeddable":true,"href":"https:\/\/www.zapatosotijane.es\/en\/wp-json\/wp\/v2\/product_brand?post=1869"},{"taxonomy":"product_cat","embeddable":true,"href":"https:\/\/www.zapatosotijane.es\/en\/wp-json\/wp\/v2\/product_cat?post=1869"},{"taxonomy":"product_tag","embeddable":true,"href":"https:\/\/www.zapatosotijane.es\/en\/wp-json\/wp\/v2\/product_tag?post=1869"}],"curies":[{"name":"wp","href":"https:\/\/api.w.org\/{rel}","templated":true}]}}