{"id":1923,"date":"2024-02-03T20:52:34","date_gmt":"2024-02-03T19:52:34","guid":{"rendered":"https:\/\/www.zapatosotijane.es\/?post_type=product&#038;p=1923"},"modified":"2026-04-21T09:01:48","modified_gmt":"2026-04-21T08:01:48","slug":"mia","status":"publish","type":"product","link":"https:\/\/www.zapatosotijane.es\/en\/product\/mia\/","title":{"rendered":"M\u00eda"},"content":{"rendered":"","protected":false},"excerpt":{"rendered":"<p>Inspirado en la deliciosa pel\u00edcula La la land, el modelo M\u00eda te proporcionar\u00e1 un aire <em>naif<\/em> a cualquiera de tus looks.<\/p>\n<p>Fabricados en malla de algod\u00f3n resultan especialmente fresquitos y tan c\u00f3modos como ir en zapatillas.<\/p>\n<p>Viene con dos dise\u00f1os de lazos para que los combines como gustes de acuerdo al mood de tu d\u00eda.<\/p>\n<p>No te los quitar\u00e1s en toda la primavera.<\/p>\n<p>Detalles en piel vegana.<\/p>\n<p>Tac\u00f3n de 18 mm<\/p>\n<p>Color: mantequilla<\/p>\n<p class=\"p1\"><span class=\"Y2IQFc\" lang=\"es\"> Consejo de limpieza: con pasar un pa\u00f1o h\u00famedo por la superfice de tus Otijane, es suficiente. Puedes aplicar un poquito de jab\u00f3n neutro si hay alguna mancha\/marca m\u00e1s rebelde, o utilizar crema neutra para calzado.<br \/>\n<\/span><\/p>","protected":false},"featured_media":1846,"comment_status":"closed","ping_status":"closed","template":"","meta":[],"product_brand":[],"product_cat":[18,31],"product_tag":[],"class_list":{"0":"post-1923","1":"product","2":"type-product","3":"status-publish","4":"has-post-thumbnail","6":"product_cat-zapatos-ecologicos-mujer","7":"product_cat-zapatos-sin-tacon","9":"first","10":"instock","11":"sale","12":"shipping-taxable","13":"purchasable","14":"product-type-variable"},"yoast_head":"<!-- This site is optimized with the Yoast SEO plugin v27.5 - https:\/\/yoast.com\/product\/yoast-seo-wordpress\/ -->\n<title>M\u00eda - Zapatos veganos mujer<\/title>\n<meta name=\"description\" content=\"Zapatos veganos mujer, zapatos veganos planos, zapatos veganos femeninos.Zapatos veganos bonitos.Zapatos mujer animal free.Vegan shoes made in Spain.Natural\" \/>\n<meta name=\"robots\" content=\"index, follow, max-snippet:-1, max-image-preview:large, max-video-preview:-1\" \/>\n<link rel=\"canonical\" href=\"https:\/\/www.zapatosotijane.es\/en\/product\/mia\/\" \/>\n<meta property=\"og:locale\" content=\"en_GB\" \/>\n<meta property=\"og:type\" content=\"article\" \/>\n<meta property=\"og:title\" content=\"M\u00eda - Zapatos veganos mujer\" \/>\n<meta property=\"og:description\" content=\"Zapatos veganos mujer, zapatos veganos planos, zapatos veganos femeninos.Zapatos veganos bonitos.Zapatos mujer animal free.Vegan shoes made in Spain.Natural\" \/>\n<meta property=\"og:url\" content=\"https:\/\/www.zapatosotijane.es\/en\/product\/mia\/\" \/>\n<meta property=\"og:site_name\" content=\"Zapatos veganos mujer\" \/>\n<meta property=\"article:modified_time\" content=\"2026-04-21T08:01:48+00:00\" \/>\n<meta property=\"og:image\" content=\"https:\/\/www.zapatosotijane.es\/wp-content\/uploads\/2024\/01\/MIA_COL1_Sandia_Side.jpg\" \/>\n\t<meta property=\"og:image:width\" content=\"1080\" \/>\n\t<meta property=\"og:image:height\" content=\"1080\" \/>\n\t<meta property=\"og:image:type\" content=\"image\/jpeg\" \/>\n<meta name=\"twitter:card\" content=\"summary_large_image\" \/>\n<meta name=\"twitter:label1\" content=\"Estimated reading time\" \/>\n\t<meta name=\"twitter:data1\" content=\"1 minute\" \/>\n<script type=\"application\/ld+json\" class=\"yoast-schema-graph\">{\"@context\":\"https:\\\/\\\/schema.org\",\"@graph\":[{\"@type\":\"WebPage\",\"@id\":\"https:\\\/\\\/www.zapatosotijane.es\\\/producto\\\/mia\\\/\",\"url\":\"https:\\\/\\\/www.zapatosotijane.es\\\/producto\\\/mia\\\/\",\"name\":\"M\u00eda - Zapatos veganos mujer\",\"isPartOf\":{\"@id\":\"https:\\\/\\\/www.zapatosotijane.es\\\/#website\"},\"primaryImageOfPage\":{\"@id\":\"https:\\\/\\\/www.zapatosotijane.es\\\/producto\\\/mia\\\/#primaryimage\"},\"image\":{\"@id\":\"https:\\\/\\\/www.zapatosotijane.es\\\/producto\\\/mia\\\/#primaryimage\"},\"thumbnailUrl\":\"https:\\\/\\\/www.zapatosotijane.es\\\/wp-content\\\/uploads\\\/2024\\\/01\\\/MIA_COL1_Sandia_Side.jpg\",\"datePublished\":\"2024-02-03T19:52:34+00:00\",\"dateModified\":\"2026-04-21T08:01:48+00:00\",\"description\":\"Zapatos veganos mujer, zapatos veganos planos, zapatos veganos femeninos.Zapatos veganos bonitos.Zapatos mujer animal free.Vegan shoes made in Spain.Natural\",\"breadcrumb\":{\"@id\":\"https:\\\/\\\/www.zapatosotijane.es\\\/producto\\\/mia\\\/#breadcrumb\"},\"inLanguage\":\"en-GB\",\"potentialAction\":[{\"@type\":\"ReadAction\",\"target\":[\"https:\\\/\\\/www.zapatosotijane.es\\\/producto\\\/mia\\\/\"]}]},{\"@type\":\"ImageObject\",\"inLanguage\":\"en-GB\",\"@id\":\"https:\\\/\\\/www.zapatosotijane.es\\\/producto\\\/mia\\\/#primaryimage\",\"url\":\"https:\\\/\\\/www.zapatosotijane.es\\\/wp-content\\\/uploads\\\/2024\\\/01\\\/MIA_COL1_Sandia_Side.jpg\",\"contentUrl\":\"https:\\\/\\\/www.zapatosotijane.es\\\/wp-content\\\/uploads\\\/2024\\\/01\\\/MIA_COL1_Sandia_Side.jpg\",\"width\":1080,\"height\":1080},{\"@type\":\"BreadcrumbList\",\"@id\":\"https:\\\/\\\/www.zapatosotijane.es\\\/producto\\\/mia\\\/#breadcrumb\",\"itemListElement\":[{\"@type\":\"ListItem\",\"position\":1,\"name\":\"Portada\",\"item\":\"https:\\\/\\\/www.zapatosotijane.es\\\/\"},{\"@type\":\"ListItem\",\"position\":2,\"name\":\"Tienda\",\"item\":\"https:\\\/\\\/www.zapatosotijane.es\\\/tienda\\\/\"},{\"@type\":\"ListItem\",\"position\":3,\"name\":\"M\u00eda\"}]},{\"@type\":\"WebSite\",\"@id\":\"https:\\\/\\\/www.zapatosotijane.es\\\/#website\",\"url\":\"https:\\\/\\\/www.zapatosotijane.es\\\/\",\"name\":\"Zapatos veganos mujer\",\"description\":\"Zapatos veganos de dise\u00f1o para mujer\",\"publisher\":{\"@id\":\"https:\\\/\\\/www.zapatosotijane.es\\\/#organization\"},\"potentialAction\":[{\"@type\":\"SearchAction\",\"target\":{\"@type\":\"EntryPoint\",\"urlTemplate\":\"https:\\\/\\\/www.zapatosotijane.es\\\/?s={search_term_string}\"},\"query-input\":{\"@type\":\"PropertyValueSpecification\",\"valueRequired\":true,\"valueName\":\"search_term_string\"}}],\"inLanguage\":\"en-GB\"},{\"@type\":\"Organization\",\"@id\":\"https:\\\/\\\/www.zapatosotijane.es\\\/#organization\",\"name\":\"Zapatos veganos mujer\",\"url\":\"https:\\\/\\\/www.zapatosotijane.es\\\/\",\"logo\":{\"@type\":\"ImageObject\",\"inLanguage\":\"en-GB\",\"@id\":\"https:\\\/\\\/www.zapatosotijane.es\\\/#\\\/schema\\\/logo\\\/image\\\/\",\"url\":\"https:\\\/\\\/www.zapatosotijane.es\\\/wp-content\\\/uploads\\\/2023\\\/12\\\/cropped-LOGO-Otijane.png\",\"contentUrl\":\"https:\\\/\\\/www.zapatosotijane.es\\\/wp-content\\\/uploads\\\/2023\\\/12\\\/cropped-LOGO-Otijane.png\",\"width\":697,\"height\":480,\"caption\":\"Zapatos veganos mujer\"},\"image\":{\"@id\":\"https:\\\/\\\/www.zapatosotijane.es\\\/#\\\/schema\\\/logo\\\/image\\\/\"}}]}<\/script>\n<!-- \/ Yoast SEO plugin. -->","yoast_head_json":{"title":"M\u00eda - Zapatos veganos mujer","description":"Zapatos veganos mujer, zapatos veganos planos, zapatos veganos femeninos.Zapatos veganos bonitos.Zapatos mujer animal free.Vegan shoes made in Spain.Natural","robots":{"index":"index","follow":"follow","max-snippet":"max-snippet:-1","max-image-preview":"max-image-preview:large","max-video-preview":"max-video-preview:-1"},"canonical":"https:\/\/www.zapatosotijane.es\/en\/product\/mia\/","og_locale":"en_GB","og_type":"article","og_title":"M\u00eda - Zapatos veganos mujer","og_description":"Zapatos veganos mujer, zapatos veganos planos, zapatos veganos femeninos.Zapatos veganos bonitos.Zapatos mujer animal free.Vegan shoes made in Spain.Natural","og_url":"https:\/\/www.zapatosotijane.es\/en\/product\/mia\/","og_site_name":"Zapatos veganos mujer","article_modified_time":"2026-04-21T08:01:48+00:00","og_image":[{"width":1080,"height":1080,"url":"https:\/\/www.zapatosotijane.es\/wp-content\/uploads\/2024\/01\/MIA_COL1_Sandia_Side.jpg","type":"image\/jpeg"}],"twitter_card":"summary_large_image","twitter_misc":{"Estimated reading time":"1 minute"},"schema":{"@context":"https:\/\/schema.org","@graph":[{"@type":"WebPage","@id":"https:\/\/www.zapatosotijane.es\/producto\/mia\/","url":"https:\/\/www.zapatosotijane.es\/producto\/mia\/","name":"M\u00eda - Zapatos veganos mujer","isPartOf":{"@id":"https:\/\/www.zapatosotijane.es\/#website"},"primaryImageOfPage":{"@id":"https:\/\/www.zapatosotijane.es\/producto\/mia\/#primaryimage"},"image":{"@id":"https:\/\/www.zapatosotijane.es\/producto\/mia\/#primaryimage"},"thumbnailUrl":"https:\/\/www.zapatosotijane.es\/wp-content\/uploads\/2024\/01\/MIA_COL1_Sandia_Side.jpg","datePublished":"2024-02-03T19:52:34+00:00","dateModified":"2026-04-21T08:01:48+00:00","description":"Zapatos veganos mujer, zapatos veganos planos, zapatos veganos femeninos.Zapatos veganos bonitos.Zapatos mujer animal free.Vegan shoes made in Spain.Natural","breadcrumb":{"@id":"https:\/\/www.zapatosotijane.es\/producto\/mia\/#breadcrumb"},"inLanguage":"en-GB","potentialAction":[{"@type":"ReadAction","target":["https:\/\/www.zapatosotijane.es\/producto\/mia\/"]}]},{"@type":"ImageObject","inLanguage":"en-GB","@id":"https:\/\/www.zapatosotijane.es\/producto\/mia\/#primaryimage","url":"https:\/\/www.zapatosotijane.es\/wp-content\/uploads\/2024\/01\/MIA_COL1_Sandia_Side.jpg","contentUrl":"https:\/\/www.zapatosotijane.es\/wp-content\/uploads\/2024\/01\/MIA_COL1_Sandia_Side.jpg","width":1080,"height":1080},{"@type":"BreadcrumbList","@id":"https:\/\/www.zapatosotijane.es\/producto\/mia\/#breadcrumb","itemListElement":[{"@type":"ListItem","position":1,"name":"Portada","item":"https:\/\/www.zapatosotijane.es\/"},{"@type":"ListItem","position":2,"name":"Tienda","item":"https:\/\/www.zapatosotijane.es\/tienda\/"},{"@type":"ListItem","position":3,"name":"M\u00eda"}]},{"@type":"WebSite","@id":"https:\/\/www.zapatosotijane.es\/#website","url":"https:\/\/www.zapatosotijane.es\/","name":"Zapatos veganos mujer","description":"Zapatos veganos de dise\u00f1o para mujer","publisher":{"@id":"https:\/\/www.zapatosotijane.es\/#organization"},"potentialAction":[{"@type":"SearchAction","target":{"@type":"EntryPoint","urlTemplate":"https:\/\/www.zapatosotijane.es\/?s={search_term_string}"},"query-input":{"@type":"PropertyValueSpecification","valueRequired":true,"valueName":"search_term_string"}}],"inLanguage":"en-GB"},{"@type":"Organization","@id":"https:\/\/www.zapatosotijane.es\/#organization","name":"Zapatos veganos mujer","url":"https:\/\/www.zapatosotijane.es\/","logo":{"@type":"ImageObject","inLanguage":"en-GB","@id":"https:\/\/www.zapatosotijane.es\/#\/schema\/logo\/image\/","url":"https:\/\/www.zapatosotijane.es\/wp-content\/uploads\/2023\/12\/cropped-LOGO-Otijane.png","contentUrl":"https:\/\/www.zapatosotijane.es\/wp-content\/uploads\/2023\/12\/cropped-LOGO-Otijane.png","width":697,"height":480,"caption":"Zapatos veganos mujer"},"image":{"@id":"https:\/\/www.zapatosotijane.es\/#\/schema\/logo\/image\/"}}]}},"_links":{"self":[{"href":"https:\/\/www.zapatosotijane.es\/en\/wp-json\/wp\/v2\/product\/1923","targetHints":{"allow":["GET"]}}],"collection":[{"href":"https:\/\/www.zapatosotijane.es\/en\/wp-json\/wp\/v2\/product"}],"about":[{"href":"https:\/\/www.zapatosotijane.es\/en\/wp-json\/wp\/v2\/types\/product"}],"replies":[{"embeddable":true,"href":"https:\/\/www.zapatosotijane.es\/en\/wp-json\/wp\/v2\/comments?post=1923"}],"wp:featuredmedia":[{"embeddable":true,"href":"https:\/\/www.zapatosotijane.es\/en\/wp-json\/wp\/v2\/media\/1846"}],"wp:attachment":[{"href":"https:\/\/www.zapatosotijane.es\/en\/wp-json\/wp\/v2\/media?parent=1923"}],"wp:term":[{"taxonomy":"product_brand","embeddable":true,"href":"https:\/\/www.zapatosotijane.es\/en\/wp-json\/wp\/v2\/product_brand?post=1923"},{"taxonomy":"product_cat","embeddable":true,"href":"https:\/\/www.zapatosotijane.es\/en\/wp-json\/wp\/v2\/product_cat?post=1923"},{"taxonomy":"product_tag","embeddable":true,"href":"https:\/\/www.zapatosotijane.es\/en\/wp-json\/wp\/v2\/product_tag?post=1923"}],"curies":[{"name":"wp","href":"https:\/\/api.w.org\/{rel}","templated":true}]}}