{"id":2065,"date":"2024-05-11T20:08:08","date_gmt":"2024-05-11T19:08:08","guid":{"rendered":"https:\/\/www.zapatosotijane.es\/?post_type=product&#038;p=2065"},"modified":"2025-11-18T16:03:48","modified_gmt":"2025-11-18T15:03:48","slug":"sofia-pinatex","status":"publish","type":"product","link":"https:\/\/www.zapatosotijane.es\/en\/product\/sofia-pinatex\/","title":{"rendered":"Sof\u00eda Pi\u00f1atex"},"content":{"rendered":"","protected":false},"excerpt":{"rendered":"<p>Sandalia de tac\u00f3n medio elaborada \u00edntegramente en Pi\u00f1atex dorado.<\/p>\n<p>Dise\u00f1o multitiras que encaja en cualquier outfit, y toda ocasi\u00f3n. Sofisticada pero sencilla, y adem\u00e1s c\u00f3moda con su tac\u00f3n de 50mm.<\/p>\n<p>Presta atenci\u00f3n a las flores de quita y pon. Comb\u00ednalas como te apetezca! Puedes a\u00f1adir conjuntos de flores en tu bolsa de la compra y conseguir 2 sandalias en 1. O 3 en 1&#8230;.<\/p>\n<p>Juega con los colores disponibles y alegra tu armario esta primavera.<\/p>\n<p><em>Kindly reminder:<\/em> Cambia tus flores, cambia tus sandalias, cambia tu mood<\/p>\n<p>&nbsp;<\/p>","protected":false},"featured_media":2050,"comment_status":"closed","ping_status":"closed","template":"","meta":[],"product_brand":[],"product_cat":[17,36],"product_tag":[46,42,50,47,53,45],"class_list":{"0":"post-2065","1":"product","2":"type-product","3":"status-publish","4":"has-post-thumbnail","6":"product_cat-sandalias-ecologicas-mujer","7":"product_cat-sandalias-con-tacon","8":"product_tag-animal-free","9":"product_tag-disponibilidad","10":"product_tag-handcrafted","11":"product_tag-made-in-spain","12":"product_tag-pinatex","13":"product_tag-vegan","15":"first","16":"instock","17":"sale","18":"shipping-taxable","19":"purchasable","20":"product-type-variable"},"yoast_head":"<!-- This site is optimized with the Yoast SEO plugin v27.5 - https:\/\/yoast.com\/product\/yoast-seo-wordpress\/ -->\n<title>Sof\u00eda Pi\u00f1atex - Zapatos veganos mujer<\/title>\n<meta name=\"description\" content=\"Zapatos veganos mujer, zapatos veganos planos, zapatos veganos femeninos.Zapatos veganos bonitos.Zapatos mujer animal free.Vegan shoes made in Spain.Natural\" \/>\n<meta name=\"robots\" content=\"index, follow, max-snippet:-1, max-image-preview:large, max-video-preview:-1\" \/>\n<link rel=\"canonical\" href=\"https:\/\/www.zapatosotijane.es\/en\/product\/sofia-pinatex\/\" \/>\n<meta property=\"og:locale\" content=\"en_GB\" \/>\n<meta property=\"og:type\" content=\"article\" \/>\n<meta property=\"og:title\" content=\"Sof\u00eda Pi\u00f1atex - Zapatos veganos mujer\" \/>\n<meta property=\"og:description\" content=\"Zapatos veganos mujer, zapatos veganos planos, zapatos veganos femeninos.Zapatos veganos bonitos.Zapatos mujer animal free.Vegan shoes made in Spain.Natural\" \/>\n<meta property=\"og:url\" content=\"https:\/\/www.zapatosotijane.es\/en\/product\/sofia-pinatex\/\" \/>\n<meta property=\"og:site_name\" content=\"Zapatos veganos mujer\" \/>\n<meta property=\"article:modified_time\" content=\"2025-11-18T15:03:48+00:00\" \/>\n<meta property=\"og:image\" content=\"https:\/\/www.zapatosotijane.es\/wp-content\/uploads\/2024\/05\/SOFIA_COL1_FLOR.jpg\" \/>\n\t<meta property=\"og:image:width\" content=\"1080\" \/>\n\t<meta property=\"og:image:height\" content=\"1080\" \/>\n\t<meta property=\"og:image:type\" content=\"image\/jpeg\" \/>\n<meta name=\"twitter:card\" content=\"summary_large_image\" \/>\n<meta name=\"twitter:label1\" content=\"Estimated reading time\" \/>\n\t<meta name=\"twitter:data1\" content=\"1 minute\" \/>\n<script type=\"application\/ld+json\" class=\"yoast-schema-graph\">{\"@context\":\"https:\\\/\\\/schema.org\",\"@graph\":[{\"@type\":\"WebPage\",\"@id\":\"https:\\\/\\\/www.zapatosotijane.es\\\/producto\\\/sofia-pinatex\\\/\",\"url\":\"https:\\\/\\\/www.zapatosotijane.es\\\/producto\\\/sofia-pinatex\\\/\",\"name\":\"Sof\u00eda Pi\u00f1atex - Zapatos veganos mujer\",\"isPartOf\":{\"@id\":\"https:\\\/\\\/www.zapatosotijane.es\\\/#website\"},\"primaryImageOfPage\":{\"@id\":\"https:\\\/\\\/www.zapatosotijane.es\\\/producto\\\/sofia-pinatex\\\/#primaryimage\"},\"image\":{\"@id\":\"https:\\\/\\\/www.zapatosotijane.es\\\/producto\\\/sofia-pinatex\\\/#primaryimage\"},\"thumbnailUrl\":\"https:\\\/\\\/www.zapatosotijane.es\\\/wp-content\\\/uploads\\\/2024\\\/05\\\/SOFIA_COL1_FLOR.jpg\",\"datePublished\":\"2024-05-11T19:08:08+00:00\",\"dateModified\":\"2025-11-18T15:03:48+00:00\",\"description\":\"Zapatos veganos mujer, zapatos veganos planos, zapatos veganos femeninos.Zapatos veganos bonitos.Zapatos mujer animal free.Vegan shoes made in Spain.Natural\",\"breadcrumb\":{\"@id\":\"https:\\\/\\\/www.zapatosotijane.es\\\/producto\\\/sofia-pinatex\\\/#breadcrumb\"},\"inLanguage\":\"en-GB\",\"potentialAction\":[{\"@type\":\"ReadAction\",\"target\":[\"https:\\\/\\\/www.zapatosotijane.es\\\/producto\\\/sofia-pinatex\\\/\"]}]},{\"@type\":\"ImageObject\",\"inLanguage\":\"en-GB\",\"@id\":\"https:\\\/\\\/www.zapatosotijane.es\\\/producto\\\/sofia-pinatex\\\/#primaryimage\",\"url\":\"https:\\\/\\\/www.zapatosotijane.es\\\/wp-content\\\/uploads\\\/2024\\\/05\\\/SOFIA_COL1_FLOR.jpg\",\"contentUrl\":\"https:\\\/\\\/www.zapatosotijane.es\\\/wp-content\\\/uploads\\\/2024\\\/05\\\/SOFIA_COL1_FLOR.jpg\",\"width\":1080,\"height\":1080},{\"@type\":\"BreadcrumbList\",\"@id\":\"https:\\\/\\\/www.zapatosotijane.es\\\/producto\\\/sofia-pinatex\\\/#breadcrumb\",\"itemListElement\":[{\"@type\":\"ListItem\",\"position\":1,\"name\":\"Portada\",\"item\":\"https:\\\/\\\/www.zapatosotijane.es\\\/\"},{\"@type\":\"ListItem\",\"position\":2,\"name\":\"Tienda\",\"item\":\"https:\\\/\\\/www.zapatosotijane.es\\\/tienda\\\/\"},{\"@type\":\"ListItem\",\"position\":3,\"name\":\"Sof\u00eda Pi\u00f1atex\"}]},{\"@type\":\"WebSite\",\"@id\":\"https:\\\/\\\/www.zapatosotijane.es\\\/#website\",\"url\":\"https:\\\/\\\/www.zapatosotijane.es\\\/\",\"name\":\"Zapatos veganos mujer\",\"description\":\"Zapatos veganos de dise\u00f1o para mujer\",\"publisher\":{\"@id\":\"https:\\\/\\\/www.zapatosotijane.es\\\/#organization\"},\"potentialAction\":[{\"@type\":\"SearchAction\",\"target\":{\"@type\":\"EntryPoint\",\"urlTemplate\":\"https:\\\/\\\/www.zapatosotijane.es\\\/?s={search_term_string}\"},\"query-input\":{\"@type\":\"PropertyValueSpecification\",\"valueRequired\":true,\"valueName\":\"search_term_string\"}}],\"inLanguage\":\"en-GB\"},{\"@type\":\"Organization\",\"@id\":\"https:\\\/\\\/www.zapatosotijane.es\\\/#organization\",\"name\":\"Zapatos veganos mujer\",\"url\":\"https:\\\/\\\/www.zapatosotijane.es\\\/\",\"logo\":{\"@type\":\"ImageObject\",\"inLanguage\":\"en-GB\",\"@id\":\"https:\\\/\\\/www.zapatosotijane.es\\\/#\\\/schema\\\/logo\\\/image\\\/\",\"url\":\"https:\\\/\\\/www.zapatosotijane.es\\\/wp-content\\\/uploads\\\/2023\\\/12\\\/cropped-LOGO-Otijane.png\",\"contentUrl\":\"https:\\\/\\\/www.zapatosotijane.es\\\/wp-content\\\/uploads\\\/2023\\\/12\\\/cropped-LOGO-Otijane.png\",\"width\":697,\"height\":480,\"caption\":\"Zapatos veganos mujer\"},\"image\":{\"@id\":\"https:\\\/\\\/www.zapatosotijane.es\\\/#\\\/schema\\\/logo\\\/image\\\/\"}}]}<\/script>\n<!-- \/ Yoast SEO plugin. -->","yoast_head_json":{"title":"Sof\u00eda Pi\u00f1atex - Zapatos veganos mujer","description":"Zapatos veganos mujer, zapatos veganos planos, zapatos veganos femeninos.Zapatos veganos bonitos.Zapatos mujer animal free.Vegan shoes made in Spain.Natural","robots":{"index":"index","follow":"follow","max-snippet":"max-snippet:-1","max-image-preview":"max-image-preview:large","max-video-preview":"max-video-preview:-1"},"canonical":"https:\/\/www.zapatosotijane.es\/en\/product\/sofia-pinatex\/","og_locale":"en_GB","og_type":"article","og_title":"Sof\u00eda Pi\u00f1atex - Zapatos veganos mujer","og_description":"Zapatos veganos mujer, zapatos veganos planos, zapatos veganos femeninos.Zapatos veganos bonitos.Zapatos mujer animal free.Vegan shoes made in Spain.Natural","og_url":"https:\/\/www.zapatosotijane.es\/en\/product\/sofia-pinatex\/","og_site_name":"Zapatos veganos mujer","article_modified_time":"2025-11-18T15:03:48+00:00","og_image":[{"width":1080,"height":1080,"url":"https:\/\/www.zapatosotijane.es\/wp-content\/uploads\/2024\/05\/SOFIA_COL1_FLOR.jpg","type":"image\/jpeg"}],"twitter_card":"summary_large_image","twitter_misc":{"Estimated reading time":"1 minute"},"schema":{"@context":"https:\/\/schema.org","@graph":[{"@type":"WebPage","@id":"https:\/\/www.zapatosotijane.es\/producto\/sofia-pinatex\/","url":"https:\/\/www.zapatosotijane.es\/producto\/sofia-pinatex\/","name":"Sof\u00eda Pi\u00f1atex - Zapatos veganos mujer","isPartOf":{"@id":"https:\/\/www.zapatosotijane.es\/#website"},"primaryImageOfPage":{"@id":"https:\/\/www.zapatosotijane.es\/producto\/sofia-pinatex\/#primaryimage"},"image":{"@id":"https:\/\/www.zapatosotijane.es\/producto\/sofia-pinatex\/#primaryimage"},"thumbnailUrl":"https:\/\/www.zapatosotijane.es\/wp-content\/uploads\/2024\/05\/SOFIA_COL1_FLOR.jpg","datePublished":"2024-05-11T19:08:08+00:00","dateModified":"2025-11-18T15:03:48+00:00","description":"Zapatos veganos mujer, zapatos veganos planos, zapatos veganos femeninos.Zapatos veganos bonitos.Zapatos mujer animal free.Vegan shoes made in Spain.Natural","breadcrumb":{"@id":"https:\/\/www.zapatosotijane.es\/producto\/sofia-pinatex\/#breadcrumb"},"inLanguage":"en-GB","potentialAction":[{"@type":"ReadAction","target":["https:\/\/www.zapatosotijane.es\/producto\/sofia-pinatex\/"]}]},{"@type":"ImageObject","inLanguage":"en-GB","@id":"https:\/\/www.zapatosotijane.es\/producto\/sofia-pinatex\/#primaryimage","url":"https:\/\/www.zapatosotijane.es\/wp-content\/uploads\/2024\/05\/SOFIA_COL1_FLOR.jpg","contentUrl":"https:\/\/www.zapatosotijane.es\/wp-content\/uploads\/2024\/05\/SOFIA_COL1_FLOR.jpg","width":1080,"height":1080},{"@type":"BreadcrumbList","@id":"https:\/\/www.zapatosotijane.es\/producto\/sofia-pinatex\/#breadcrumb","itemListElement":[{"@type":"ListItem","position":1,"name":"Portada","item":"https:\/\/www.zapatosotijane.es\/"},{"@type":"ListItem","position":2,"name":"Tienda","item":"https:\/\/www.zapatosotijane.es\/tienda\/"},{"@type":"ListItem","position":3,"name":"Sof\u00eda Pi\u00f1atex"}]},{"@type":"WebSite","@id":"https:\/\/www.zapatosotijane.es\/#website","url":"https:\/\/www.zapatosotijane.es\/","name":"Zapatos veganos mujer","description":"Zapatos veganos de dise\u00f1o para mujer","publisher":{"@id":"https:\/\/www.zapatosotijane.es\/#organization"},"potentialAction":[{"@type":"SearchAction","target":{"@type":"EntryPoint","urlTemplate":"https:\/\/www.zapatosotijane.es\/?s={search_term_string}"},"query-input":{"@type":"PropertyValueSpecification","valueRequired":true,"valueName":"search_term_string"}}],"inLanguage":"en-GB"},{"@type":"Organization","@id":"https:\/\/www.zapatosotijane.es\/#organization","name":"Zapatos veganos mujer","url":"https:\/\/www.zapatosotijane.es\/","logo":{"@type":"ImageObject","inLanguage":"en-GB","@id":"https:\/\/www.zapatosotijane.es\/#\/schema\/logo\/image\/","url":"https:\/\/www.zapatosotijane.es\/wp-content\/uploads\/2023\/12\/cropped-LOGO-Otijane.png","contentUrl":"https:\/\/www.zapatosotijane.es\/wp-content\/uploads\/2023\/12\/cropped-LOGO-Otijane.png","width":697,"height":480,"caption":"Zapatos veganos mujer"},"image":{"@id":"https:\/\/www.zapatosotijane.es\/#\/schema\/logo\/image\/"}}]}},"_links":{"self":[{"href":"https:\/\/www.zapatosotijane.es\/en\/wp-json\/wp\/v2\/product\/2065","targetHints":{"allow":["GET"]}}],"collection":[{"href":"https:\/\/www.zapatosotijane.es\/en\/wp-json\/wp\/v2\/product"}],"about":[{"href":"https:\/\/www.zapatosotijane.es\/en\/wp-json\/wp\/v2\/types\/product"}],"replies":[{"embeddable":true,"href":"https:\/\/www.zapatosotijane.es\/en\/wp-json\/wp\/v2\/comments?post=2065"}],"wp:featuredmedia":[{"embeddable":true,"href":"https:\/\/www.zapatosotijane.es\/en\/wp-json\/wp\/v2\/media\/2050"}],"wp:attachment":[{"href":"https:\/\/www.zapatosotijane.es\/en\/wp-json\/wp\/v2\/media?parent=2065"}],"wp:term":[{"taxonomy":"product_brand","embeddable":true,"href":"https:\/\/www.zapatosotijane.es\/en\/wp-json\/wp\/v2\/product_brand?post=2065"},{"taxonomy":"product_cat","embeddable":true,"href":"https:\/\/www.zapatosotijane.es\/en\/wp-json\/wp\/v2\/product_cat?post=2065"},{"taxonomy":"product_tag","embeddable":true,"href":"https:\/\/www.zapatosotijane.es\/en\/wp-json\/wp\/v2\/product_tag?post=2065"}],"curies":[{"name":"wp","href":"https:\/\/api.w.org\/{rel}","templated":true}]}}