{"id":2221,"date":"2024-05-20T13:32:43","date_gmt":"2024-05-20T12:32:43","guid":{"rendered":"https:\/\/www.zapatosotijane.es\/?post_type=product&#038;p=2221"},"modified":"2025-11-19T16:28:41","modified_gmt":"2025-11-19T15:28:41","slug":"silvia-blue","status":"publish","type":"product","link":"https:\/\/www.zapatosotijane.es\/en\/product\/silvia-blue\/","title":{"rendered":"Silvia Blue"},"content":{"rendered":"","protected":false},"excerpt":{"rendered":"<p>Sandalia vegana de tac\u00f3n medio y aire retro. S\u00faper c\u00f3moda, y estilosa. En tonos marineros, ideal para el verano.<\/p>\n<p>Fabricada en suave y adaptable microfibra de calidad Premium. Los calados de la pala vienen fant\u00e1sticos para los d\u00edas de mucho calor aportando ventilaci\u00f3n extra.<\/p>\n<p>La correa se ajusta con velcro. Mayor comodidad imposible.<\/p>\n<p>Silvia es tu BFF!<\/p>\n<p>Ll\u00e9valas con vestido, falda , crop pants o jeans. Ma\u00f1ana, tarde, noche y oficina.<\/p>\n<p>Un todo terreno en tu armario zapatero.<\/p>\n<p>Forradas con tejido <em>high performance <\/em>transpirable, anti-olor, termorregulador y procedente de fuentes renovables.<\/p>\n<p>Altura de tac\u00f3n 50 mm<\/p>\n<p>&nbsp;<\/p>\n<p class=\"p1\"><span class=\"Y2IQFc\" lang=\"es\">Limpiar con un pa\u00f1o h\u00famedo<br \/>\n<\/span><\/p>","protected":false},"featured_media":2293,"comment_status":"closed","ping_status":"closed","template":"","meta":[],"product_brand":[],"product_cat":[17,36],"product_tag":[46,50,47,45],"class_list":{"0":"post-2221","1":"product","2":"type-product","3":"status-publish","4":"has-post-thumbnail","6":"product_cat-sandalias-ecologicas-mujer","7":"product_cat-sandalias-con-tacon","8":"product_tag-animal-free","9":"product_tag-handcrafted","10":"product_tag-made-in-spain","11":"product_tag-vegan","13":"first","14":"instock","15":"sale","16":"shipping-taxable","17":"purchasable","18":"product-type-variable"},"yoast_head":"<!-- This site is optimized with the Yoast SEO plugin v27.5 - https:\/\/yoast.com\/product\/yoast-seo-wordpress\/ -->\n<title>Silvia Blue - Zapatos veganos mujer<\/title>\n<meta name=\"description\" content=\"Zapatos veganos mujer, zapatos veganos planos, zapatos veganos bonitos. Cuero vegano. Zapatos mujer animal free . Zapatos veganos de mujer hechos en Espa\u00f1a.\" \/>\n<meta name=\"robots\" content=\"index, follow, max-snippet:-1, max-image-preview:large, max-video-preview:-1\" \/>\n<link rel=\"canonical\" href=\"https:\/\/www.zapatosotijane.es\/en\/product\/silvia-blue\/\" \/>\n<meta property=\"og:locale\" content=\"en_GB\" \/>\n<meta property=\"og:type\" content=\"article\" \/>\n<meta property=\"og:title\" content=\"Silvia Blue - Zapatos veganos mujer\" \/>\n<meta property=\"og:description\" content=\"Zapatos veganos mujer, zapatos veganos planos, zapatos veganos bonitos. Cuero vegano. Zapatos mujer animal free . Zapatos veganos de mujer hechos en Espa\u00f1a.\" \/>\n<meta property=\"og:url\" content=\"https:\/\/www.zapatosotijane.es\/en\/product\/silvia-blue\/\" \/>\n<meta property=\"og:site_name\" content=\"Zapatos veganos mujer\" \/>\n<meta property=\"article:modified_time\" content=\"2025-11-19T15:28:41+00:00\" \/>\n<meta property=\"og:image\" content=\"https:\/\/www.zapatosotijane.es\/wp-content\/uploads\/2024\/05\/Silvia-SIde-Col2-redone.jpg\" \/>\n\t<meta property=\"og:image:width\" content=\"1080\" \/>\n\t<meta property=\"og:image:height\" content=\"1080\" \/>\n\t<meta property=\"og:image:type\" content=\"image\/jpeg\" \/>\n<meta name=\"twitter:card\" content=\"summary_large_image\" \/>\n<meta name=\"twitter:label1\" content=\"Estimated reading time\" \/>\n\t<meta name=\"twitter:data1\" content=\"1 minute\" \/>\n<script type=\"application\/ld+json\" class=\"yoast-schema-graph\">{\"@context\":\"https:\\\/\\\/schema.org\",\"@graph\":[{\"@type\":\"WebPage\",\"@id\":\"https:\\\/\\\/www.zapatosotijane.es\\\/producto\\\/silvia-blue\\\/\",\"url\":\"https:\\\/\\\/www.zapatosotijane.es\\\/producto\\\/silvia-blue\\\/\",\"name\":\"Silvia Blue - Zapatos veganos mujer\",\"isPartOf\":{\"@id\":\"https:\\\/\\\/www.zapatosotijane.es\\\/#website\"},\"primaryImageOfPage\":{\"@id\":\"https:\\\/\\\/www.zapatosotijane.es\\\/producto\\\/silvia-blue\\\/#primaryimage\"},\"image\":{\"@id\":\"https:\\\/\\\/www.zapatosotijane.es\\\/producto\\\/silvia-blue\\\/#primaryimage\"},\"thumbnailUrl\":\"https:\\\/\\\/www.zapatosotijane.es\\\/wp-content\\\/uploads\\\/2024\\\/05\\\/Silvia-SIde-Col2-redone.jpg\",\"datePublished\":\"2024-05-20T12:32:43+00:00\",\"dateModified\":\"2025-11-19T15:28:41+00:00\",\"description\":\"Zapatos veganos mujer, zapatos veganos planos, zapatos veganos bonitos. Cuero vegano. Zapatos mujer animal free . Zapatos veganos de mujer hechos en Espa\u00f1a.\",\"breadcrumb\":{\"@id\":\"https:\\\/\\\/www.zapatosotijane.es\\\/producto\\\/silvia-blue\\\/#breadcrumb\"},\"inLanguage\":\"en-GB\",\"potentialAction\":[{\"@type\":\"ReadAction\",\"target\":[\"https:\\\/\\\/www.zapatosotijane.es\\\/producto\\\/silvia-blue\\\/\"]}]},{\"@type\":\"ImageObject\",\"inLanguage\":\"en-GB\",\"@id\":\"https:\\\/\\\/www.zapatosotijane.es\\\/producto\\\/silvia-blue\\\/#primaryimage\",\"url\":\"https:\\\/\\\/www.zapatosotijane.es\\\/wp-content\\\/uploads\\\/2024\\\/05\\\/Silvia-SIde-Col2-redone.jpg\",\"contentUrl\":\"https:\\\/\\\/www.zapatosotijane.es\\\/wp-content\\\/uploads\\\/2024\\\/05\\\/Silvia-SIde-Col2-redone.jpg\",\"width\":1080,\"height\":1080},{\"@type\":\"BreadcrumbList\",\"@id\":\"https:\\\/\\\/www.zapatosotijane.es\\\/producto\\\/silvia-blue\\\/#breadcrumb\",\"itemListElement\":[{\"@type\":\"ListItem\",\"position\":1,\"name\":\"Portada\",\"item\":\"https:\\\/\\\/www.zapatosotijane.es\\\/\"},{\"@type\":\"ListItem\",\"position\":2,\"name\":\"Tienda\",\"item\":\"https:\\\/\\\/www.zapatosotijane.es\\\/tienda\\\/\"},{\"@type\":\"ListItem\",\"position\":3,\"name\":\"Silvia Blue\"}]},{\"@type\":\"WebSite\",\"@id\":\"https:\\\/\\\/www.zapatosotijane.es\\\/#website\",\"url\":\"https:\\\/\\\/www.zapatosotijane.es\\\/\",\"name\":\"Zapatos veganos mujer\",\"description\":\"Zapatos veganos de dise\u00f1o para mujer\",\"publisher\":{\"@id\":\"https:\\\/\\\/www.zapatosotijane.es\\\/#organization\"},\"potentialAction\":[{\"@type\":\"SearchAction\",\"target\":{\"@type\":\"EntryPoint\",\"urlTemplate\":\"https:\\\/\\\/www.zapatosotijane.es\\\/?s={search_term_string}\"},\"query-input\":{\"@type\":\"PropertyValueSpecification\",\"valueRequired\":true,\"valueName\":\"search_term_string\"}}],\"inLanguage\":\"en-GB\"},{\"@type\":\"Organization\",\"@id\":\"https:\\\/\\\/www.zapatosotijane.es\\\/#organization\",\"name\":\"Zapatos veganos mujer\",\"url\":\"https:\\\/\\\/www.zapatosotijane.es\\\/\",\"logo\":{\"@type\":\"ImageObject\",\"inLanguage\":\"en-GB\",\"@id\":\"https:\\\/\\\/www.zapatosotijane.es\\\/#\\\/schema\\\/logo\\\/image\\\/\",\"url\":\"https:\\\/\\\/www.zapatosotijane.es\\\/wp-content\\\/uploads\\\/2023\\\/12\\\/cropped-LOGO-Otijane.png\",\"contentUrl\":\"https:\\\/\\\/www.zapatosotijane.es\\\/wp-content\\\/uploads\\\/2023\\\/12\\\/cropped-LOGO-Otijane.png\",\"width\":697,\"height\":480,\"caption\":\"Zapatos veganos mujer\"},\"image\":{\"@id\":\"https:\\\/\\\/www.zapatosotijane.es\\\/#\\\/schema\\\/logo\\\/image\\\/\"}}]}<\/script>\n<!-- \/ Yoast SEO plugin. -->","yoast_head_json":{"title":"Silvia Blue - Zapatos veganos mujer","description":"Zapatos veganos mujer, zapatos veganos planos, zapatos veganos bonitos. Cuero vegano. Zapatos mujer animal free . Zapatos veganos de mujer hechos en Espa\u00f1a.","robots":{"index":"index","follow":"follow","max-snippet":"max-snippet:-1","max-image-preview":"max-image-preview:large","max-video-preview":"max-video-preview:-1"},"canonical":"https:\/\/www.zapatosotijane.es\/en\/product\/silvia-blue\/","og_locale":"en_GB","og_type":"article","og_title":"Silvia Blue - Zapatos veganos mujer","og_description":"Zapatos veganos mujer, zapatos veganos planos, zapatos veganos bonitos. Cuero vegano. Zapatos mujer animal free . Zapatos veganos de mujer hechos en Espa\u00f1a.","og_url":"https:\/\/www.zapatosotijane.es\/en\/product\/silvia-blue\/","og_site_name":"Zapatos veganos mujer","article_modified_time":"2025-11-19T15:28:41+00:00","og_image":[{"width":1080,"height":1080,"url":"https:\/\/www.zapatosotijane.es\/wp-content\/uploads\/2024\/05\/Silvia-SIde-Col2-redone.jpg","type":"image\/jpeg"}],"twitter_card":"summary_large_image","twitter_misc":{"Estimated reading time":"1 minute"},"schema":{"@context":"https:\/\/schema.org","@graph":[{"@type":"WebPage","@id":"https:\/\/www.zapatosotijane.es\/producto\/silvia-blue\/","url":"https:\/\/www.zapatosotijane.es\/producto\/silvia-blue\/","name":"Silvia Blue - Zapatos veganos mujer","isPartOf":{"@id":"https:\/\/www.zapatosotijane.es\/#website"},"primaryImageOfPage":{"@id":"https:\/\/www.zapatosotijane.es\/producto\/silvia-blue\/#primaryimage"},"image":{"@id":"https:\/\/www.zapatosotijane.es\/producto\/silvia-blue\/#primaryimage"},"thumbnailUrl":"https:\/\/www.zapatosotijane.es\/wp-content\/uploads\/2024\/05\/Silvia-SIde-Col2-redone.jpg","datePublished":"2024-05-20T12:32:43+00:00","dateModified":"2025-11-19T15:28:41+00:00","description":"Zapatos veganos mujer, zapatos veganos planos, zapatos veganos bonitos. Cuero vegano. Zapatos mujer animal free . Zapatos veganos de mujer hechos en Espa\u00f1a.","breadcrumb":{"@id":"https:\/\/www.zapatosotijane.es\/producto\/silvia-blue\/#breadcrumb"},"inLanguage":"en-GB","potentialAction":[{"@type":"ReadAction","target":["https:\/\/www.zapatosotijane.es\/producto\/silvia-blue\/"]}]},{"@type":"ImageObject","inLanguage":"en-GB","@id":"https:\/\/www.zapatosotijane.es\/producto\/silvia-blue\/#primaryimage","url":"https:\/\/www.zapatosotijane.es\/wp-content\/uploads\/2024\/05\/Silvia-SIde-Col2-redone.jpg","contentUrl":"https:\/\/www.zapatosotijane.es\/wp-content\/uploads\/2024\/05\/Silvia-SIde-Col2-redone.jpg","width":1080,"height":1080},{"@type":"BreadcrumbList","@id":"https:\/\/www.zapatosotijane.es\/producto\/silvia-blue\/#breadcrumb","itemListElement":[{"@type":"ListItem","position":1,"name":"Portada","item":"https:\/\/www.zapatosotijane.es\/"},{"@type":"ListItem","position":2,"name":"Tienda","item":"https:\/\/www.zapatosotijane.es\/tienda\/"},{"@type":"ListItem","position":3,"name":"Silvia Blue"}]},{"@type":"WebSite","@id":"https:\/\/www.zapatosotijane.es\/#website","url":"https:\/\/www.zapatosotijane.es\/","name":"Zapatos veganos mujer","description":"Zapatos veganos de dise\u00f1o para mujer","publisher":{"@id":"https:\/\/www.zapatosotijane.es\/#organization"},"potentialAction":[{"@type":"SearchAction","target":{"@type":"EntryPoint","urlTemplate":"https:\/\/www.zapatosotijane.es\/?s={search_term_string}"},"query-input":{"@type":"PropertyValueSpecification","valueRequired":true,"valueName":"search_term_string"}}],"inLanguage":"en-GB"},{"@type":"Organization","@id":"https:\/\/www.zapatosotijane.es\/#organization","name":"Zapatos veganos mujer","url":"https:\/\/www.zapatosotijane.es\/","logo":{"@type":"ImageObject","inLanguage":"en-GB","@id":"https:\/\/www.zapatosotijane.es\/#\/schema\/logo\/image\/","url":"https:\/\/www.zapatosotijane.es\/wp-content\/uploads\/2023\/12\/cropped-LOGO-Otijane.png","contentUrl":"https:\/\/www.zapatosotijane.es\/wp-content\/uploads\/2023\/12\/cropped-LOGO-Otijane.png","width":697,"height":480,"caption":"Zapatos veganos mujer"},"image":{"@id":"https:\/\/www.zapatosotijane.es\/#\/schema\/logo\/image\/"}}]}},"_links":{"self":[{"href":"https:\/\/www.zapatosotijane.es\/en\/wp-json\/wp\/v2\/product\/2221","targetHints":{"allow":["GET"]}}],"collection":[{"href":"https:\/\/www.zapatosotijane.es\/en\/wp-json\/wp\/v2\/product"}],"about":[{"href":"https:\/\/www.zapatosotijane.es\/en\/wp-json\/wp\/v2\/types\/product"}],"replies":[{"embeddable":true,"href":"https:\/\/www.zapatosotijane.es\/en\/wp-json\/wp\/v2\/comments?post=2221"}],"wp:featuredmedia":[{"embeddable":true,"href":"https:\/\/www.zapatosotijane.es\/en\/wp-json\/wp\/v2\/media\/2293"}],"wp:attachment":[{"href":"https:\/\/www.zapatosotijane.es\/en\/wp-json\/wp\/v2\/media?parent=2221"}],"wp:term":[{"taxonomy":"product_brand","embeddable":true,"href":"https:\/\/www.zapatosotijane.es\/en\/wp-json\/wp\/v2\/product_brand?post=2221"},{"taxonomy":"product_cat","embeddable":true,"href":"https:\/\/www.zapatosotijane.es\/en\/wp-json\/wp\/v2\/product_cat?post=2221"},{"taxonomy":"product_tag","embeddable":true,"href":"https:\/\/www.zapatosotijane.es\/en\/wp-json\/wp\/v2\/product_tag?post=2221"}],"curies":[{"name":"wp","href":"https:\/\/api.w.org\/{rel}","templated":true}]}}